{"id":32,"date":"2014-10-22T18:46:58","date_gmt":"2014-10-22T18:46:58","guid":{"rendered":"http:\/\/www.ftv-moehlin.ch\/?page_id=32"},"modified":"2025-07-07T08:24:14","modified_gmt":"2025-07-07T08:24:14","slug":"kinderturnen","status":"publish","type":"page","link":"https:\/\/www.ftv-moehlin.ch\/?page_id=32","title":{"rendered":"Kinderturnen"},"content":{"rendered":"<p>&nbsp;<\/p>\n<p>&nbsp;<\/p>\n<table style=\"width: 100%;\">\n<tbody>\n<tr>\n<td style=\"width: 0.31%;\"><\/td>\n<td style=\"width: 0.31%;\"><\/td>\n<td style=\"width: 98.56%;\"><img loading=\"lazy\" decoding=\"async\" class=\"alignnone wp-image-2116\" src=\"https:\/\/www.ftv-moehlin.ch\/wp-content\/uploads\/2020\/09\/KITU2020.jpg\" alt=\"\" width=\"596\" height=\"447\" srcset=\"https:\/\/www.ftv-moehlin.ch\/wp-content\/uploads\/2020\/09\/KITU2020.jpg 1024w, https:\/\/www.ftv-moehlin.ch\/wp-content\/uploads\/2020\/09\/KITU2020-300x225.jpg 300w, https:\/\/www.ftv-moehlin.ch\/wp-content\/uploads\/2020\/09\/KITU2020-768x576.jpg 768w\" sizes=\"auto, (max-width: 596px) 100vw, 596px\" \/><\/td>\n<\/tr>\n<\/tbody>\n<\/table>\n<h3><span style=\"color: #333333;\">Das KiTu ist f\u00fcr Kinder gedacht, welche den <strong>Kindergarten<\/strong> besuchen. Wir bieten das KiTu jeweils 1 x pro Woche, am m<strong>ontags, dienstags<\/strong>\u00a0und bei <strong><span style=\"text-decoration: underline;\">gen\u00fcgend Anmeldungen<\/span><\/strong>, auch d<strong>onnerstags<\/strong> an. Dies kann aber je nach Halleneinteilung der Gemeinde variieren!!<\/span><\/h3>\n<h3><span style=\"color: #333333;\">Die Turnstunden finden <strong><span style=\"text-decoration: underline;\">nach den Herbstferien<\/span><\/strong> von 16.30h &#8211; 17.30h im Fuchsrain (alte Halle) statt und werden von ausgebildeten Leiterinnen (J+S) geleitet.\u00a0<\/span><\/h3>\n<h3><span style=\"color: #0000ff;\">ANMELDUNGEN: <a href=\"https:\/\/www.ftv-moehlin.ch\/wp-content\/uploads\/2025\/07\/Neue-Anmeldung-KiTu-25-26-pdf.pdf\">Neue Anmeldung KiTu 25-26 pdf<\/a><\/span><\/h3>\n<h3><span style=\"color: #333333;\">werden f\u00fcr die neue Saison,\u00a0ab dem <strong>1. Mittwoch<\/strong> <strong>nach den Sommerferien<\/strong> via Anmeldeformular (siehe im blau oben) entgegen genommen. <strong>Kinder von M\u00f6hlin haben Vorrang<\/strong>. Herzlichen Dank.<\/span><\/h3>\n<p>F\u00fcr Informationen und Anmeldungen wenden Sie sich bitte an:<\/p>\n<p>Maria Cafasso-Imbernon<br \/>\nBatastrasse 24a<br \/>\n4313 M\u00f6hlin<br \/>\n<a href=\"mailto:kitu@ftv-moehlin.ch\">kitu@ftv-moehlin.ch<\/a><\/p>\n<p>Anmeldeformular zum ausdrucken hier: <a href=\"https:\/\/www.ftv-moehlin.ch\/wp-content\/uploads\/2025\/07\/Neue-Anmeldung-KiTu-25-26-pdf.pdf\">Neue Anmeldung KiTu 25-26 pdf<\/a><\/p>\n<p>&nbsp;<\/p>\n<p><span style=\"color: #0000ff;\">LEITERTEAM:<\/span><\/p>\n<p><img loading=\"lazy\" decoding=\"async\" class=\"alignnone size-large wp-image-3658\" src=\"https:\/\/www.ftv-moehlin.ch\/wp-content\/uploads\/2024\/10\/Leiterinnen-2024-25-1020x1024.jpg\" alt=\"\" width=\"640\" height=\"643\" srcset=\"https:\/\/www.ftv-moehlin.ch\/wp-content\/uploads\/2024\/10\/Leiterinnen-2024-25-1020x1024.jpg 1020w, https:\/\/www.ftv-moehlin.ch\/wp-content\/uploads\/2024\/10\/Leiterinnen-2024-25-300x300.jpg 300w, https:\/\/www.ftv-moehlin.ch\/wp-content\/uploads\/2024\/10\/Leiterinnen-2024-25-150x150.jpg 150w, https:\/\/www.ftv-moehlin.ch\/wp-content\/uploads\/2024\/10\/Leiterinnen-2024-25-768x771.jpg 768w, https:\/\/www.ftv-moehlin.ch\/wp-content\/uploads\/2024\/10\/Leiterinnen-2024-25.jpg 1290w\" sizes=\"auto, (max-width: 640px) 100vw, 640px\" \/><\/p>\n<p>&nbsp;<\/p>\n<p>&nbsp;<\/p>\n<p>&nbsp;<\/p>\n<p><strong><span style=\"color: #0000ff;\">Unser Mot<\/span><\/strong><strong><span style=\"color: #0000ff;\">to lautet: &#8222;Lachen, Lernen aber auch Leisten&#8220;.<\/span><\/strong><\/p>\n<p><img loading=\"lazy\" decoding=\"async\" class=\"alignnone size-medium wp-image-2818\" src=\"https:\/\/www.ftv-moehlin.ch\/wp-content\/uploads\/2022\/03\/KITU-Feb22-228x300.jpg\" alt=\"\" width=\"228\" height=\"300\" srcset=\"https:\/\/www.ftv-moehlin.ch\/wp-content\/uploads\/2022\/03\/KITU-Feb22-228x300.jpg 228w, https:\/\/www.ftv-moehlin.ch\/wp-content\/uploads\/2022\/03\/KITU-Feb22-778x1024.jpg 778w, https:\/\/www.ftv-moehlin.ch\/wp-content\/uploads\/2022\/03\/KITU-Feb22-768x1011.jpg 768w, https:\/\/www.ftv-moehlin.ch\/wp-content\/uploads\/2022\/03\/KITU-Feb22.jpg 828w\" sizes=\"auto, (max-width: 228px) 100vw, 228px\" \/> <img loading=\"lazy\" decoding=\"async\" class=\"alignnone wp-image-2819\" src=\"https:\/\/www.ftv-moehlin.ch\/wp-content\/uploads\/2022\/03\/KiTu-Feb22a-768x1024.jpg\" alt=\"\" width=\"224\" height=\"299\" srcset=\"https:\/\/www.ftv-moehlin.ch\/wp-content\/uploads\/2022\/03\/KiTu-Feb22a-768x1024.jpg 768w, https:\/\/www.ftv-moehlin.ch\/wp-content\/uploads\/2022\/03\/KiTu-Feb22a-225x300.jpg 225w, https:\/\/www.ftv-moehlin.ch\/wp-content\/uploads\/2022\/03\/KiTu-Feb22a-1152x1536.jpg 1152w, https:\/\/www.ftv-moehlin.ch\/wp-content\/uploads\/2022\/03\/KiTu-Feb22a-1536x2048.jpg 1536w, https:\/\/www.ftv-moehlin.ch\/wp-content\/uploads\/2022\/03\/KiTu-Feb22a-scaled.jpg 1920w\" sizes=\"auto, (max-width: 224px) 100vw, 224px\" \/> <img loading=\"lazy\" decoding=\"async\" class=\"alignnone wp-image-2820\" src=\"https:\/\/www.ftv-moehlin.ch\/wp-content\/uploads\/2022\/03\/KiTuFeb22-768x1024.jpg\" alt=\"\" width=\"226\" height=\"302\" srcset=\"https:\/\/www.ftv-moehlin.ch\/wp-content\/uploads\/2022\/03\/KiTuFeb22-768x1024.jpg 768w, https:\/\/www.ftv-moehlin.ch\/wp-content\/uploads\/2022\/03\/KiTuFeb22-225x300.jpg 225w, https:\/\/www.ftv-moehlin.ch\/wp-content\/uploads\/2022\/03\/KiTuFeb22-1152x1536.jpg 1152w, https:\/\/www.ftv-moehlin.ch\/wp-content\/uploads\/2022\/03\/KiTuFeb22-1536x2048.jpg 1536w, https:\/\/www.ftv-moehlin.ch\/wp-content\/uploads\/2022\/03\/KiTuFeb22-scaled.jpg 1920w\" sizes=\"auto, (max-width: 226px) 100vw, 226px\" \/><\/p>\n<p><img loading=\"lazy\" decoding=\"async\" class=\"alignnone size-medium wp-image-2429\" src=\"https:\/\/www.ftv-moehlin.ch\/wp-content\/uploads\/2021\/06\/KITU1-300x169.jpg\" alt=\"\" width=\"300\" height=\"169\" srcset=\"https:\/\/www.ftv-moehlin.ch\/wp-content\/uploads\/2021\/06\/KITU1-300x169.jpg 300w, https:\/\/www.ftv-moehlin.ch\/wp-content\/uploads\/2021\/06\/KITU1.jpg 768w\" sizes=\"auto, (max-width: 300px) 100vw, 300px\" \/><img loading=\"lazy\" decoding=\"async\" class=\"alignnone wp-image-2433\" src=\"https:\/\/www.ftv-moehlin.ch\/wp-content\/uploads\/2021\/06\/KITU5-225x300.jpg\" alt=\"\" width=\"225\" height=\"300\" srcset=\"https:\/\/www.ftv-moehlin.ch\/wp-content\/uploads\/2021\/06\/KITU5-225x300.jpg 225w, https:\/\/www.ftv-moehlin.ch\/wp-content\/uploads\/2021\/06\/KITU5-768x1024.jpg 768w, https:\/\/www.ftv-moehlin.ch\/wp-content\/uploads\/2021\/06\/KITU5-1152x1536.jpg 1152w, https:\/\/www.ftv-moehlin.ch\/wp-content\/uploads\/2021\/06\/KITU5.jpg 1536w\" sizes=\"auto, (max-width: 225px) 100vw, 225px\" \/><\/p>\n<p>&nbsp;<\/p>\n<p><img loading=\"lazy\" decoding=\"async\" class=\"alignnone size-medium wp-image-2431\" src=\"https:\/\/www.ftv-moehlin.ch\/wp-content\/uploads\/2021\/06\/KITU3-225x300.jpg\" alt=\"\" width=\"225\" height=\"300\" srcset=\"https:\/\/www.ftv-moehlin.ch\/wp-content\/uploads\/2021\/06\/KITU3-225x300.jpg 225w, https:\/\/www.ftv-moehlin.ch\/wp-content\/uploads\/2021\/06\/KITU3-768x1024.jpg 768w, https:\/\/www.ftv-moehlin.ch\/wp-content\/uploads\/2021\/06\/KITU3-1152x1536.jpg 1152w, https:\/\/www.ftv-moehlin.ch\/wp-content\/uploads\/2021\/06\/KITU3.jpg 1536w\" sizes=\"auto, (max-width: 225px) 100vw, 225px\" \/> \u00a0\u00a0\u00a0<img loading=\"lazy\" decoding=\"async\" class=\"alignnone wp-image-2112\" src=\"https:\/\/www.ftv-moehlin.ch\/wp-content\/uploads\/2020\/09\/KITU-Abschluss-2020.jpg\" alt=\"\" width=\"223\" height=\"168\" srcset=\"https:\/\/www.ftv-moehlin.ch\/wp-content\/uploads\/2020\/09\/KITU-Abschluss-2020.jpg 1024w, https:\/\/www.ftv-moehlin.ch\/wp-content\/uploads\/2020\/09\/KITU-Abschluss-2020-300x225.jpg 300w, https:\/\/www.ftv-moehlin.ch\/wp-content\/uploads\/2020\/09\/KITU-Abschluss-2020-768x576.jpg 768w\" sizes=\"auto, (max-width: 223px) 100vw, 223px\" \/><\/p>\n<p>Im Unterschied zum MuKi-Turnen (Mutter-Kind) werden die Kinder im KiTu (Kinderturnen) nicht von den Eltern begleitet. Die Kinder machen damit einen wichtigen Schritt in Richtung Unabh\u00e4ngigkeit.<\/p>\n<p>Im KiTu wird die Freude am Turnen auf spielerische Art und Weise gef\u00f6rdert. Neben Spass und Spiel, ist es unser Ziel, die Kinder ohne Leistungsdruck zur Bewegung zu motivieren und ihre motorische Entwicklung zu unterst\u00fctzen. Sie kommen, unter Aufsicht der Leiterinnen, in Kontakt mit verschiedenen Turnger\u00e4ten, springen auf dicke Matten, lernen zu balancieren, schlagen den Purzelbaum und nat\u00fcrlich kommt das Lachen und Singen nicht zu kurz. Jede Turnstunde wird mit einfachen Spielen, Gymnastik und Ger\u00e4te zum Erlebnis.<\/p>\n<p>Dabei machen sie auch viele neue Bekanntschaften und spannende Erfahrungen mit gleichaltrigen Kindern in der Gruppe. Kinder, die aktiv sind und sich bewegen, sind dar\u00fcber hinaus auch fit im Kopf und bereit f\u00fcr den Kindergarten.<\/p>\n<p><img loading=\"lazy\" decoding=\"async\" class=\"alignnone size-full wp-image-2748\" src=\"https:\/\/www.ftv-moehlin.ch\/wp-content\/uploads\/2022\/01\/JS-Logo.png\" alt=\"\" width=\"468\" height=\"60\" srcset=\"https:\/\/www.ftv-moehlin.ch\/wp-content\/uploads\/2022\/01\/JS-Logo.png 468w, https:\/\/www.ftv-moehlin.ch\/wp-content\/uploads\/2022\/01\/JS-Logo-300x38.png 300w\" sizes=\"auto, (max-width: 468px) 100vw, 468px\" \/><\/p>\n<p>&nbsp;<\/p>\n<p><span style=\"color: #0000ff;\">KiTu-Shirts<\/span><\/p>\n<p><img loading=\"lazy\" decoding=\"async\" class=\"alignnone size-large wp-image-2127\" src=\"https:\/\/www.ftv-moehlin.ch\/wp-content\/uploads\/2020\/09\/Tshirts-KITU-1024x768.jpg\" alt=\"\" width=\"640\" height=\"480\" srcset=\"https:\/\/www.ftv-moehlin.ch\/wp-content\/uploads\/2020\/09\/Tshirts-KITU-1024x768.jpg 1024w, https:\/\/www.ftv-moehlin.ch\/wp-content\/uploads\/2020\/09\/Tshirts-KITU-300x225.jpg 300w, https:\/\/www.ftv-moehlin.ch\/wp-content\/uploads\/2020\/09\/Tshirts-KITU-768x576.jpg 768w, https:\/\/www.ftv-moehlin.ch\/wp-content\/uploads\/2020\/09\/Tshirts-KITU-1536x1152.jpg 1536w, https:\/\/www.ftv-moehlin.ch\/wp-content\/uploads\/2020\/09\/Tshirts-KITU.jpg 2048w\" sizes=\"auto, (max-width: 640px) 100vw, 640px\" \/><\/p>\n<p>Diese KiTu-Shirts sind\u00a0 in der Turnstunde f\u00fcr <strong>18.- Fr<\/strong> zu kaufen. Bitte bringen Sie den <strong>Betrag passend<\/strong> mit!! Danke.<\/p>\n<p>&nbsp;<\/p>\n<p><strong><span style=\"color: #0000ff;\">Sponsoren<\/span><\/strong><\/p>\n<p>Wir bedanken uns herzlich bei unser Sponsor:<\/p>\n<p>-Bianco Gipsergesch\u00e4ft AG f\u00fcr die Leiterinnenshirts<\/p>\n<p>-Firma<\/p>\n<p><img loading=\"lazy\" decoding=\"async\" class=\"alignnone size-medium wp-image-3278\" src=\"https:\/\/www.ftv-moehlin.ch\/wp-content\/uploads\/2023\/06\/KiTuRotho_Logo_swiss_cross_lo_cmy_99066-300x136.jpg\" alt=\"\" width=\"300\" height=\"136\" srcset=\"https:\/\/www.ftv-moehlin.ch\/wp-content\/uploads\/2023\/06\/KiTuRotho_Logo_swiss_cross_lo_cmy_99066-300x136.jpg 300w, https:\/\/www.ftv-moehlin.ch\/wp-content\/uploads\/2023\/06\/KiTuRotho_Logo_swiss_cross_lo_cmy_99066-1024x463.jpg 1024w, https:\/\/www.ftv-moehlin.ch\/wp-content\/uploads\/2023\/06\/KiTuRotho_Logo_swiss_cross_lo_cmy_99066-768x348.jpg 768w, https:\/\/www.ftv-moehlin.ch\/wp-content\/uploads\/2023\/06\/KiTuRotho_Logo_swiss_cross_lo_cmy_99066-1536x695.jpg 1536w, https:\/\/www.ftv-moehlin.ch\/wp-content\/uploads\/2023\/06\/KiTuRotho_Logo_swiss_cross_lo_cmy_99066.jpg 1772w\" sizes=\"auto, (max-width: 300px) 100vw, 300px\" \/> f\u00fcr die Abschlussgeschenke<\/p>\n<p>&nbsp;<\/p>\n","protected":false},"excerpt":{"rendered":"<p>&nbsp; &nbsp; Das KiTu ist f\u00fcr Kinder gedacht, welche den Kindergarten besuchen. Wir bieten das KiTu jeweils 1 x pro Woche, am montags,&hellip;<\/p>\n","protected":false},"author":3,"featured_media":0,"parent":22,"menu_order":10,"comment_status":"closed","ping_status":"open","template":"","meta":{"_exactmetrics_skip_tracking":false,"_exactmetrics_sitenote_active":false,"_exactmetrics_sitenote_note":"","_exactmetrics_sitenote_category":0,"footnotes":""},"class_list":["post-32","page","type-page","status-publish","hentry"],"_links":{"self":[{"href":"https:\/\/www.ftv-moehlin.ch\/index.php?rest_route=\/wp\/v2\/pages\/32","targetHints":{"allow":["GET"]}}],"collection":[{"href":"https:\/\/www.ftv-moehlin.ch\/index.php?rest_route=\/wp\/v2\/pages"}],"about":[{"href":"https:\/\/www.ftv-moehlin.ch\/index.php?rest_route=\/wp\/v2\/types\/page"}],"author":[{"embeddable":true,"href":"https:\/\/www.ftv-moehlin.ch\/index.php?rest_route=\/wp\/v2\/users\/3"}],"replies":[{"embeddable":true,"href":"https:\/\/www.ftv-moehlin.ch\/index.php?rest_route=%2Fwp%2Fv2%2Fcomments&post=32"}],"version-history":[{"count":76,"href":"https:\/\/www.ftv-moehlin.ch\/index.php?rest_route=\/wp\/v2\/pages\/32\/revisions"}],"predecessor-version":[{"id":3853,"href":"https:\/\/www.ftv-moehlin.ch\/index.php?rest_route=\/wp\/v2\/pages\/32\/revisions\/3853"}],"up":[{"embeddable":true,"href":"https:\/\/www.ftv-moehlin.ch\/index.php?rest_route=\/wp\/v2\/pages\/22"}],"wp:attachment":[{"href":"https:\/\/www.ftv-moehlin.ch\/index.php?rest_route=%2Fwp%2Fv2%2Fmedia&parent=32"}],"curies":[{"name":"wp","href":"https:\/\/api.w.org\/{rel}","templated":true}]}}