{"id":28,"date":"2014-10-22T18:46:16","date_gmt":"2014-10-22T18:46:16","guid":{"rendered":"http:\/\/www.ftv-moehlin.ch\/?page_id=28"},"modified":"2026-02-09T19:05:36","modified_gmt":"2026-02-09T19:05:36","slug":"fit-am-morgen","status":"publish","type":"page","link":"https:\/\/www.ftv-moehlin.ch\/?page_id=28","title":{"rendered":"Fit am Morge"},"content":{"rendered":"<p><span style=\"color: #ff0000;\">Trainings:<\/span><\/p>\n<p>Mittwoch, Steinlihalle ,\u00a0 08.00 \u2013 09.00 Uhr (in der neuen Steinli Halle A2)<\/p>\n<p>Ansprechperson: Regine Fritschin 061-851 17 41, leiterin@ftv-moehlin.ch<\/p>\n<p><img loading=\"lazy\" decoding=\"async\" class=\"alignnone  wp-image-3969\" src=\"https:\/\/www.ftv-moehlin.ch\/wp-content\/uploads\/2026\/02\/IMG-20260204-WA0005-768x1024.jpg\" alt=\"\" width=\"447\" height=\"596\" srcset=\"https:\/\/www.ftv-moehlin.ch\/wp-content\/uploads\/2026\/02\/IMG-20260204-WA0005-768x1024.jpg 768w, https:\/\/www.ftv-moehlin.ch\/wp-content\/uploads\/2026\/02\/IMG-20260204-WA0005-225x300.jpg 225w, https:\/\/www.ftv-moehlin.ch\/wp-content\/uploads\/2026\/02\/IMG-20260204-WA0005-1152x1536.jpg 1152w, https:\/\/www.ftv-moehlin.ch\/wp-content\/uploads\/2026\/02\/IMG-20260204-WA0005.jpg 1200w\" sizes=\"auto, (max-width: 447px) 100vw, 447px\" \/><\/p>\n<p>&nbsp;<\/p>\n<p>Suuserbummel 25:<\/p>\n<p><img loading=\"lazy\" decoding=\"async\" class=\"alignnone wp-image-3906\" src=\"https:\/\/www.ftv-moehlin.ch\/wp-content\/uploads\/2025\/11\/Fit-am-Morgen-1024x768.jpg\" alt=\"\" width=\"453\" height=\"340\" srcset=\"https:\/\/www.ftv-moehlin.ch\/wp-content\/uploads\/2025\/11\/Fit-am-Morgen-1024x768.jpg 1024w, https:\/\/www.ftv-moehlin.ch\/wp-content\/uploads\/2025\/11\/Fit-am-Morgen-300x225.jpg 300w, https:\/\/www.ftv-moehlin.ch\/wp-content\/uploads\/2025\/11\/Fit-am-Morgen-768x576.jpg 768w, https:\/\/www.ftv-moehlin.ch\/wp-content\/uploads\/2025\/11\/Fit-am-Morgen-1536x1152.jpg 1536w, https:\/\/www.ftv-moehlin.ch\/wp-content\/uploads\/2025\/11\/Fit-am-Morgen.jpg 2000w\" sizes=\"auto, (max-width: 453px) 100vw, 453px\" \/><img loading=\"lazy\" decoding=\"async\" class=\"alignnone wp-image-3907\" src=\"https:\/\/www.ftv-moehlin.ch\/wp-content\/uploads\/2025\/11\/Fit-am-M-225x300.jpg\" alt=\"\" width=\"254\" height=\"339\" srcset=\"https:\/\/www.ftv-moehlin.ch\/wp-content\/uploads\/2025\/11\/Fit-am-M-225x300.jpg 225w, https:\/\/www.ftv-moehlin.ch\/wp-content\/uploads\/2025\/11\/Fit-am-M-768x1024.jpg 768w, https:\/\/www.ftv-moehlin.ch\/wp-content\/uploads\/2025\/11\/Fit-am-M-1152x1536.jpg 1152w, https:\/\/www.ftv-moehlin.ch\/wp-content\/uploads\/2025\/11\/Fit-am-M.jpg 1500w\" sizes=\"auto, (max-width: 254px) 100vw, 254px\" \/><img loading=\"lazy\" decoding=\"async\" class=\"alignnone wp-image-3908\" src=\"https:\/\/www.ftv-moehlin.ch\/wp-content\/uploads\/2025\/11\/Fit-a.M-300x225.jpg\" alt=\"\" width=\"451\" height=\"338\" srcset=\"https:\/\/www.ftv-moehlin.ch\/wp-content\/uploads\/2025\/11\/Fit-a.M-300x225.jpg 300w, https:\/\/www.ftv-moehlin.ch\/wp-content\/uploads\/2025\/11\/Fit-a.M-1024x768.jpg 1024w, https:\/\/www.ftv-moehlin.ch\/wp-content\/uploads\/2025\/11\/Fit-a.M-768x576.jpg 768w, https:\/\/www.ftv-moehlin.ch\/wp-content\/uploads\/2025\/11\/Fit-a.M-1536x1152.jpg 1536w, https:\/\/www.ftv-moehlin.ch\/wp-content\/uploads\/2025\/11\/Fit-a.M.jpg 2000w\" sizes=\"auto, (max-width: 451px) 100vw, 451px\" \/><\/p>\n<p>Fit am Morgen, trotz schlechtem Wetter, machten wir uns am Mi 22.10.2025 auf den Weg nach Zuzgen. Als wir aus dem Postauto stiegen, war das Wetter wie f\u00fcr uns gemacht. Ohne Regen konnten wir nach Hellikon ins Wabrigst\u00fcbli spazieren. Bei feinem Essen genossen wir das gem\u00fctliche Beisammensein. Danach marschierten wir wieder zur\u00fcck nach Zuzgen und bestiegen dort das Postauto. Es war ein wundersch\u00f6ner Ausflug. Danke, dass ihr dabei wart. Gr\u00fcessli Regine<\/p>\n<p>&nbsp;<\/p>\n<p><img loading=\"lazy\" decoding=\"async\" class=\"alignnone wp-image-3729\" src=\"https:\/\/www.ftv-moehlin.ch\/wp-content\/uploads\/2025\/02\/IMG-20250217-WA0007-1024x768.jpg\" alt=\"\" width=\"448\" height=\"336\" srcset=\"https:\/\/www.ftv-moehlin.ch\/wp-content\/uploads\/2025\/02\/IMG-20250217-WA0007-1024x768.jpg 1024w, https:\/\/www.ftv-moehlin.ch\/wp-content\/uploads\/2025\/02\/IMG-20250217-WA0007-300x225.jpg 300w, https:\/\/www.ftv-moehlin.ch\/wp-content\/uploads\/2025\/02\/IMG-20250217-WA0007-768x576.jpg 768w, https:\/\/www.ftv-moehlin.ch\/wp-content\/uploads\/2025\/02\/IMG-20250217-WA0007-1536x1152.jpg 1536w, https:\/\/www.ftv-moehlin.ch\/wp-content\/uploads\/2025\/02\/IMG-20250217-WA0007.jpg 2000w\" sizes=\"auto, (max-width: 448px) 100vw, 448px\" \/><\/p>\n<p><img loading=\"lazy\" decoding=\"async\" class=\"alignnone size-medium wp-image-3728\" src=\"https:\/\/www.ftv-moehlin.ch\/wp-content\/uploads\/2025\/02\/IMG-20250217-WA0008-300x225.jpg\" alt=\"\" width=\"300\" height=\"225\" srcset=\"https:\/\/www.ftv-moehlin.ch\/wp-content\/uploads\/2025\/02\/IMG-20250217-WA0008-300x225.jpg 300w, https:\/\/www.ftv-moehlin.ch\/wp-content\/uploads\/2025\/02\/IMG-20250217-WA0008-1024x768.jpg 1024w, https:\/\/www.ftv-moehlin.ch\/wp-content\/uploads\/2025\/02\/IMG-20250217-WA0008-768x576.jpg 768w, https:\/\/www.ftv-moehlin.ch\/wp-content\/uploads\/2025\/02\/IMG-20250217-WA0008-1536x1152.jpg 1536w, https:\/\/www.ftv-moehlin.ch\/wp-content\/uploads\/2025\/02\/IMG-20250217-WA0008.jpg 2000w\" sizes=\"auto, (max-width: 300px) 100vw, 300px\" \/><img loading=\"lazy\" decoding=\"async\" class=\"alignnone size-medium wp-image-3727\" src=\"https:\/\/www.ftv-moehlin.ch\/wp-content\/uploads\/2025\/02\/IMG-20250217-WA0009-300x225.jpg\" alt=\"\" width=\"300\" height=\"225\" srcset=\"https:\/\/www.ftv-moehlin.ch\/wp-content\/uploads\/2025\/02\/IMG-20250217-WA0009-300x225.jpg 300w, https:\/\/www.ftv-moehlin.ch\/wp-content\/uploads\/2025\/02\/IMG-20250217-WA0009-1024x768.jpg 1024w, https:\/\/www.ftv-moehlin.ch\/wp-content\/uploads\/2025\/02\/IMG-20250217-WA0009-768x576.jpg 768w, https:\/\/www.ftv-moehlin.ch\/wp-content\/uploads\/2025\/02\/IMG-20250217-WA0009-1536x1152.jpg 1536w, https:\/\/www.ftv-moehlin.ch\/wp-content\/uploads\/2025\/02\/IMG-20250217-WA0009.jpg 2000w\" sizes=\"auto, (max-width: 300px) 100vw, 300px\" \/><img loading=\"lazy\" decoding=\"async\" class=\"alignnone size-medium wp-image-3726\" src=\"https:\/\/www.ftv-moehlin.ch\/wp-content\/uploads\/2025\/02\/IMG-20250217-WA0010-300x225.jpg\" alt=\"\" width=\"300\" height=\"225\" srcset=\"https:\/\/www.ftv-moehlin.ch\/wp-content\/uploads\/2025\/02\/IMG-20250217-WA0010-300x225.jpg 300w, https:\/\/www.ftv-moehlin.ch\/wp-content\/uploads\/2025\/02\/IMG-20250217-WA0010-1024x768.jpg 1024w, https:\/\/www.ftv-moehlin.ch\/wp-content\/uploads\/2025\/02\/IMG-20250217-WA0010-768x576.jpg 768w, https:\/\/www.ftv-moehlin.ch\/wp-content\/uploads\/2025\/02\/IMG-20250217-WA0010-1536x1152.jpg 1536w, https:\/\/www.ftv-moehlin.ch\/wp-content\/uploads\/2025\/02\/IMG-20250217-WA0010.jpg 2000w\" sizes=\"auto, (max-width: 300px) 100vw, 300px\" \/><img loading=\"lazy\" decoding=\"async\" class=\"alignnone size-medium wp-image-3725\" src=\"https:\/\/www.ftv-moehlin.ch\/wp-content\/uploads\/2025\/02\/IMG-20250217-WA0011-300x225.jpg\" alt=\"\" width=\"300\" height=\"225\" srcset=\"https:\/\/www.ftv-moehlin.ch\/wp-content\/uploads\/2025\/02\/IMG-20250217-WA0011-300x225.jpg 300w, https:\/\/www.ftv-moehlin.ch\/wp-content\/uploads\/2025\/02\/IMG-20250217-WA0011-1024x768.jpg 1024w, https:\/\/www.ftv-moehlin.ch\/wp-content\/uploads\/2025\/02\/IMG-20250217-WA0011-768x576.jpg 768w, https:\/\/www.ftv-moehlin.ch\/wp-content\/uploads\/2025\/02\/IMG-20250217-WA0011-1536x1152.jpg 1536w, https:\/\/www.ftv-moehlin.ch\/wp-content\/uploads\/2025\/02\/IMG-20250217-WA0011.jpg 2000w\" sizes=\"auto, (max-width: 300px) 100vw, 300px\" \/><img loading=\"lazy\" decoding=\"async\" class=\"alignnone size-medium wp-image-3724\" src=\"https:\/\/www.ftv-moehlin.ch\/wp-content\/uploads\/2025\/02\/IMG-20250217-WA0012-300x225.jpg\" alt=\"\" width=\"300\" height=\"225\" srcset=\"https:\/\/www.ftv-moehlin.ch\/wp-content\/uploads\/2025\/02\/IMG-20250217-WA0012-300x225.jpg 300w, https:\/\/www.ftv-moehlin.ch\/wp-content\/uploads\/2025\/02\/IMG-20250217-WA0012-1024x768.jpg 1024w, https:\/\/www.ftv-moehlin.ch\/wp-content\/uploads\/2025\/02\/IMG-20250217-WA0012-768x576.jpg 768w, https:\/\/www.ftv-moehlin.ch\/wp-content\/uploads\/2025\/02\/IMG-20250217-WA0012-1536x1152.jpg 1536w, https:\/\/www.ftv-moehlin.ch\/wp-content\/uploads\/2025\/02\/IMG-20250217-WA0012.jpg 2000w\" sizes=\"auto, (max-width: 300px) 100vw, 300px\" \/><\/p>\n<p><img loading=\"lazy\" decoding=\"async\" class=\"alignnone size-medium wp-image-3192\" src=\"https:\/\/www.ftv-moehlin.ch\/wp-content\/uploads\/2023\/05\/Mitt23-300x208.jpg\" alt=\"\" width=\"300\" height=\"208\" srcset=\"https:\/\/www.ftv-moehlin.ch\/wp-content\/uploads\/2023\/05\/Mitt23-300x208.jpg 300w, https:\/\/www.ftv-moehlin.ch\/wp-content\/uploads\/2023\/05\/Mitt23-1024x709.jpg 1024w, https:\/\/www.ftv-moehlin.ch\/wp-content\/uploads\/2023\/05\/Mitt23-768x532.jpg 768w, https:\/\/www.ftv-moehlin.ch\/wp-content\/uploads\/2023\/05\/Mitt23-1536x1064.jpg 1536w, https:\/\/www.ftv-moehlin.ch\/wp-content\/uploads\/2023\/05\/Mitt23.jpg 2048w\" sizes=\"auto, (max-width: 300px) 100vw, 300px\" \/><\/p>\n<figure id=\"attachment_3055\" aria-describedby=\"caption-attachment-3055\" style=\"width: 214px\" class=\"wp-caption alignnone\"><img loading=\"lazy\" decoding=\"async\" class=\"size-medium wp-image-3055\" src=\"https:\/\/www.ftv-moehlin.ch\/wp-content\/uploads\/2022\/12\/Mittw-214x300.jpg\" alt=\"\" width=\"214\" height=\"300\" srcset=\"https:\/\/www.ftv-moehlin.ch\/wp-content\/uploads\/2022\/12\/Mittw-214x300.jpg 214w, https:\/\/www.ftv-moehlin.ch\/wp-content\/uploads\/2022\/12\/Mittw-730x1024.jpg 730w, https:\/\/www.ftv-moehlin.ch\/wp-content\/uploads\/2022\/12\/Mittw-768x1077.jpg 768w, https:\/\/www.ftv-moehlin.ch\/wp-content\/uploads\/2022\/12\/Mittw-1095x1536.jpg 1095w, https:\/\/www.ftv-moehlin.ch\/wp-content\/uploads\/2022\/12\/Mittw.jpg 1226w\" sizes=\"auto, (max-width: 214px) 100vw, 214px\" \/><figcaption id=\"caption-attachment-3055\" class=\"wp-caption-text\">T\u00fccher mit Kl\u00e4mmerli sortieren<\/figcaption><\/figure>\n<figure id=\"attachment_3056\" aria-describedby=\"caption-attachment-3056\" style=\"width: 300px\" class=\"wp-caption alignnone\"><img loading=\"lazy\" decoding=\"async\" class=\"size-medium wp-image-3056\" src=\"https:\/\/www.ftv-moehlin.ch\/wp-content\/uploads\/2022\/12\/Mittw1-300x300.jpg\" alt=\"\" width=\"300\" height=\"300\" srcset=\"https:\/\/www.ftv-moehlin.ch\/wp-content\/uploads\/2022\/12\/Mittw1-300x300.jpg 300w, https:\/\/www.ftv-moehlin.ch\/wp-content\/uploads\/2022\/12\/Mittw1-1024x1024.jpg 1024w, https:\/\/www.ftv-moehlin.ch\/wp-content\/uploads\/2022\/12\/Mittw1-150x150.jpg 150w, https:\/\/www.ftv-moehlin.ch\/wp-content\/uploads\/2022\/12\/Mittw1-768x769.jpg 768w, https:\/\/www.ftv-moehlin.ch\/wp-content\/uploads\/2022\/12\/Mittw1-1534x1536.jpg 1534w, https:\/\/www.ftv-moehlin.ch\/wp-content\/uploads\/2022\/12\/Mittw1.jpg 2045w\" sizes=\"auto, (max-width: 300px) 100vw, 300px\" \/><figcaption id=\"caption-attachment-3056\" class=\"wp-caption-text\">N\u00fcsse im Leintuch versenken<\/figcaption><\/figure>\n<figure id=\"attachment_3057\" aria-describedby=\"caption-attachment-3057\" style=\"width: 290px\" class=\"wp-caption alignnone\"><img loading=\"lazy\" decoding=\"async\" class=\"size-medium wp-image-3057\" src=\"https:\/\/www.ftv-moehlin.ch\/wp-content\/uploads\/2022\/12\/Mittw3-290x300.jpg\" alt=\"\" width=\"290\" height=\"300\" srcset=\"https:\/\/www.ftv-moehlin.ch\/wp-content\/uploads\/2022\/12\/Mittw3-290x300.jpg 290w, https:\/\/www.ftv-moehlin.ch\/wp-content\/uploads\/2022\/12\/Mittw3-991x1024.jpg 991w, https:\/\/www.ftv-moehlin.ch\/wp-content\/uploads\/2022\/12\/Mittw3-768x794.jpg 768w, https:\/\/www.ftv-moehlin.ch\/wp-content\/uploads\/2022\/12\/Mittw3-1487x1536.jpg 1487w, https:\/\/www.ftv-moehlin.ch\/wp-content\/uploads\/2022\/12\/Mittw3.jpg 1982w\" sizes=\"auto, (max-width: 290px) 100vw, 290px\" \/><figcaption id=\"caption-attachment-3057\" class=\"wp-caption-text\">Schoggi balancieren<\/figcaption><\/figure>\n<p><img loading=\"lazy\" decoding=\"async\" class=\"alignnone size-medium wp-image-3060\" src=\"https:\/\/www.ftv-moehlin.ch\/wp-content\/uploads\/2022\/12\/Mittw5-190x300.jpg\" alt=\"\" width=\"190\" height=\"300\" srcset=\"https:\/\/www.ftv-moehlin.ch\/wp-content\/uploads\/2022\/12\/Mittw5-190x300.jpg 190w, https:\/\/www.ftv-moehlin.ch\/wp-content\/uploads\/2022\/12\/Mittw5-647x1024.jpg 647w, https:\/\/www.ftv-moehlin.ch\/wp-content\/uploads\/2022\/12\/Mittw5-768x1216.jpg 768w, https:\/\/www.ftv-moehlin.ch\/wp-content\/uploads\/2022\/12\/Mittw5-971x1536.jpg 971w, https:\/\/www.ftv-moehlin.ch\/wp-content\/uploads\/2022\/12\/Mittw5.jpg 1294w\" sizes=\"auto, (max-width: 190px) 100vw, 190px\" \/><img loading=\"lazy\" decoding=\"async\" class=\"alignnone size-medium wp-image-3058\" src=\"https:\/\/www.ftv-moehlin.ch\/wp-content\/uploads\/2022\/12\/Mittw2-300x249.jpg\" alt=\"\" width=\"300\" height=\"249\" srcset=\"https:\/\/www.ftv-moehlin.ch\/wp-content\/uploads\/2022\/12\/Mittw2-300x249.jpg 300w, https:\/\/www.ftv-moehlin.ch\/wp-content\/uploads\/2022\/12\/Mittw2-1024x850.jpg 1024w, https:\/\/www.ftv-moehlin.ch\/wp-content\/uploads\/2022\/12\/Mittw2-768x637.jpg 768w, https:\/\/www.ftv-moehlin.ch\/wp-content\/uploads\/2022\/12\/Mittw2-1536x1274.jpg 1536w, https:\/\/www.ftv-moehlin.ch\/wp-content\/uploads\/2022\/12\/Mittw2.jpg 2048w\" sizes=\"auto, (max-width: 300px) 100vw, 300px\" \/><img loading=\"lazy\" decoding=\"async\" class=\"alignnone size-medium wp-image-3059\" src=\"https:\/\/www.ftv-moehlin.ch\/wp-content\/uploads\/2022\/12\/Mittw4-300x259.jpg\" alt=\"\" width=\"300\" height=\"259\" srcset=\"https:\/\/www.ftv-moehlin.ch\/wp-content\/uploads\/2022\/12\/Mittw4-300x259.jpg 300w, https:\/\/www.ftv-moehlin.ch\/wp-content\/uploads\/2022\/12\/Mittw4-1024x884.jpg 1024w, https:\/\/www.ftv-moehlin.ch\/wp-content\/uploads\/2022\/12\/Mittw4-768x663.jpg 768w, https:\/\/www.ftv-moehlin.ch\/wp-content\/uploads\/2022\/12\/Mittw4-1536x1326.jpg 1536w, https:\/\/www.ftv-moehlin.ch\/wp-content\/uploads\/2022\/12\/Mittw4.jpg 2048w\" sizes=\"auto, (max-width: 300px) 100vw, 300px\" \/><\/p>\n<p>&nbsp;<\/p>\n<p>Auf Suuserbummel:<\/p>\n<p><img loading=\"lazy\" decoding=\"async\" class=\"alignnone size-large wp-image-3015\" src=\"https:\/\/www.ftv-moehlin.ch\/wp-content\/uploads\/2022\/10\/SuuserbummelMi22-1024x576.jpg\" alt=\"\" width=\"640\" height=\"360\" srcset=\"https:\/\/www.ftv-moehlin.ch\/wp-content\/uploads\/2022\/10\/SuuserbummelMi22-1024x576.jpg 1024w, https:\/\/www.ftv-moehlin.ch\/wp-content\/uploads\/2022\/10\/SuuserbummelMi22-300x169.jpg 300w, https:\/\/www.ftv-moehlin.ch\/wp-content\/uploads\/2022\/10\/SuuserbummelMi22-768x432.jpg 768w, https:\/\/www.ftv-moehlin.ch\/wp-content\/uploads\/2022\/10\/SuuserbummelMi22-1536x864.jpg 1536w, https:\/\/www.ftv-moehlin.ch\/wp-content\/uploads\/2022\/10\/SuuserbummelMi22.jpg 1920w\" sizes=\"auto, (max-width: 640px) 100vw, 640px\" \/><\/p>\n<p>&nbsp;<\/p>\n<p>Fit am Morgen, frische Luft, Sonnenschein und eine herrliche Turnstunde!!<\/p>\n<p><img loading=\"lazy\" decoding=\"async\" class=\"alignnone wp-image-2459\" src=\"https:\/\/www.ftv-moehlin.ch\/wp-content\/uploads\/2021\/06\/MittwGruppe1-e1623852949411-1024x979.jpg\" alt=\"\" width=\"477\" height=\"456\" srcset=\"https:\/\/www.ftv-moehlin.ch\/wp-content\/uploads\/2021\/06\/MittwGruppe1-e1623852949411-1024x979.jpg 1024w, https:\/\/www.ftv-moehlin.ch\/wp-content\/uploads\/2021\/06\/MittwGruppe1-e1623852949411-300x287.jpg 300w, https:\/\/www.ftv-moehlin.ch\/wp-content\/uploads\/2021\/06\/MittwGruppe1-e1623852949411-768x734.jpg 768w, https:\/\/www.ftv-moehlin.ch\/wp-content\/uploads\/2021\/06\/MittwGruppe1-e1623852949411.jpg 1512w\" sizes=\"auto, (max-width: 477px) 100vw, 477px\" \/><\/p>\n<p><img loading=\"lazy\" decoding=\"async\" class=\"alignnone size-medium wp-image-2458\" src=\"https:\/\/www.ftv-moehlin.ch\/wp-content\/uploads\/2021\/06\/MittwGruppe-300x225.jpg\" alt=\"\" width=\"300\" height=\"225\" srcset=\"https:\/\/www.ftv-moehlin.ch\/wp-content\/uploads\/2021\/06\/MittwGruppe-300x225.jpg 300w, https:\/\/www.ftv-moehlin.ch\/wp-content\/uploads\/2021\/06\/MittwGruppe-1024x768.jpg 1024w, https:\/\/www.ftv-moehlin.ch\/wp-content\/uploads\/2021\/06\/MittwGruppe-768x576.jpg 768w, https:\/\/www.ftv-moehlin.ch\/wp-content\/uploads\/2021\/06\/MittwGruppe-1536x1152.jpg 1536w, https:\/\/www.ftv-moehlin.ch\/wp-content\/uploads\/2021\/06\/MittwGruppe.jpg 2016w\" sizes=\"auto, (max-width: 300px) 100vw, 300px\" \/><img loading=\"lazy\" decoding=\"async\" class=\"alignnone size-medium wp-image-2460\" src=\"https:\/\/www.ftv-moehlin.ch\/wp-content\/uploads\/2021\/06\/MittwGruppe2-225x300.jpg\" alt=\"\" width=\"225\" height=\"300\" srcset=\"https:\/\/www.ftv-moehlin.ch\/wp-content\/uploads\/2021\/06\/MittwGruppe2-225x300.jpg 225w, https:\/\/www.ftv-moehlin.ch\/wp-content\/uploads\/2021\/06\/MittwGruppe2-768x1024.jpg 768w, https:\/\/www.ftv-moehlin.ch\/wp-content\/uploads\/2021\/06\/MittwGruppe2-1152x1536.jpg 1152w, https:\/\/www.ftv-moehlin.ch\/wp-content\/uploads\/2021\/06\/MittwGruppe2.jpg 1512w\" sizes=\"auto, (max-width: 225px) 100vw, 225px\" \/><\/p>\n<p>&nbsp;<\/p>\n<p>Aktiv im besten Alter \u2013 Gymnastik und Koordinationstraining<\/p>\n<p>Wir halten Geist und K\u00f6rper fit und bewahren uns so die Autonomie im Alltag mit \u00dcbungen aus den Programmen Pilates, Yoga, Aroha, starker R\u00fccken und vieles mehr. Unser Ziel ist der Kreislauf, die Koordination, die Beweglichkeit und die Ausdauer fit zu halten.<\/p>\n<p><img loading=\"lazy\" decoding=\"async\" class=\"alignnone size-medium wp-image-2103\" src=\"https:\/\/www.ftv-moehlin.ch\/wp-content\/uploads\/2020\/09\/Mittw-turnen-300x225.jpg\" alt=\"\" width=\"300\" height=\"225\" srcset=\"https:\/\/www.ftv-moehlin.ch\/wp-content\/uploads\/2020\/09\/Mittw-turnen-300x225.jpg 300w, https:\/\/www.ftv-moehlin.ch\/wp-content\/uploads\/2020\/09\/Mittw-turnen-1024x768.jpg 1024w, https:\/\/www.ftv-moehlin.ch\/wp-content\/uploads\/2020\/09\/Mittw-turnen-768x576.jpg 768w, https:\/\/www.ftv-moehlin.ch\/wp-content\/uploads\/2020\/09\/Mittw-turnen-1536x1152.jpg 1536w, https:\/\/www.ftv-moehlin.ch\/wp-content\/uploads\/2020\/09\/Mittw-turnen.jpg 2016w\" sizes=\"auto, (max-width: 300px) 100vw, 300px\" \/> <img loading=\"lazy\" decoding=\"async\" class=\"alignnone size-medium wp-image-2104\" src=\"https:\/\/www.ftv-moehlin.ch\/wp-content\/uploads\/2020\/09\/Mittw-Turnen1-300x225.jpg\" alt=\"\" width=\"300\" height=\"225\" srcset=\"https:\/\/www.ftv-moehlin.ch\/wp-content\/uploads\/2020\/09\/Mittw-Turnen1-300x225.jpg 300w, https:\/\/www.ftv-moehlin.ch\/wp-content\/uploads\/2020\/09\/Mittw-Turnen1-1024x768.jpg 1024w, https:\/\/www.ftv-moehlin.ch\/wp-content\/uploads\/2020\/09\/Mittw-Turnen1-768x576.jpg 768w, https:\/\/www.ftv-moehlin.ch\/wp-content\/uploads\/2020\/09\/Mittw-Turnen1-1536x1152.jpg 1536w, https:\/\/www.ftv-moehlin.ch\/wp-content\/uploads\/2020\/09\/Mittw-Turnen1.jpg 2016w\" sizes=\"auto, (max-width: 300px) 100vw, 300px\" \/> <img loading=\"lazy\" decoding=\"async\" class=\"alignnone size-medium wp-image-2105\" src=\"https:\/\/www.ftv-moehlin.ch\/wp-content\/uploads\/2020\/09\/Mittw-Turnen2-300x225.jpg\" alt=\"\" width=\"300\" height=\"225\" srcset=\"https:\/\/www.ftv-moehlin.ch\/wp-content\/uploads\/2020\/09\/Mittw-Turnen2-300x225.jpg 300w, https:\/\/www.ftv-moehlin.ch\/wp-content\/uploads\/2020\/09\/Mittw-Turnen2-1024x768.jpg 1024w, https:\/\/www.ftv-moehlin.ch\/wp-content\/uploads\/2020\/09\/Mittw-Turnen2-768x576.jpg 768w, https:\/\/www.ftv-moehlin.ch\/wp-content\/uploads\/2020\/09\/Mittw-Turnen2-1536x1152.jpg 1536w, https:\/\/www.ftv-moehlin.ch\/wp-content\/uploads\/2020\/09\/Mittw-Turnen2.jpg 2016w\" sizes=\"auto, (max-width: 300px) 100vw, 300px\" \/> <img loading=\"lazy\" decoding=\"async\" class=\"alignnone size-medium wp-image-2106\" src=\"https:\/\/www.ftv-moehlin.ch\/wp-content\/uploads\/2020\/09\/Mittw-Turnen3-300x225.jpg\" alt=\"\" width=\"300\" height=\"225\" srcset=\"https:\/\/www.ftv-moehlin.ch\/wp-content\/uploads\/2020\/09\/Mittw-Turnen3-300x225.jpg 300w, https:\/\/www.ftv-moehlin.ch\/wp-content\/uploads\/2020\/09\/Mittw-Turnen3-1024x768.jpg 1024w, https:\/\/www.ftv-moehlin.ch\/wp-content\/uploads\/2020\/09\/Mittw-Turnen3-768x576.jpg 768w, https:\/\/www.ftv-moehlin.ch\/wp-content\/uploads\/2020\/09\/Mittw-Turnen3-1536x1152.jpg 1536w, https:\/\/www.ftv-moehlin.ch\/wp-content\/uploads\/2020\/09\/Mittw-Turnen3.jpg 2016w\" sizes=\"auto, (max-width: 300px) 100vw, 300px\" \/> <img loading=\"lazy\" decoding=\"async\" class=\"alignnone size-medium wp-image-2107\" src=\"https:\/\/www.ftv-moehlin.ch\/wp-content\/uploads\/2020\/09\/Mittw-Turnen4-300x225.jpg\" alt=\"\" width=\"300\" height=\"225\" srcset=\"https:\/\/www.ftv-moehlin.ch\/wp-content\/uploads\/2020\/09\/Mittw-Turnen4-300x225.jpg 300w, https:\/\/www.ftv-moehlin.ch\/wp-content\/uploads\/2020\/09\/Mittw-Turnen4-1024x768.jpg 1024w, https:\/\/www.ftv-moehlin.ch\/wp-content\/uploads\/2020\/09\/Mittw-Turnen4-768x576.jpg 768w, https:\/\/www.ftv-moehlin.ch\/wp-content\/uploads\/2020\/09\/Mittw-Turnen4-1536x1152.jpg 1536w, https:\/\/www.ftv-moehlin.ch\/wp-content\/uploads\/2020\/09\/Mittw-Turnen4.jpg 2016w\" sizes=\"auto, (max-width: 300px) 100vw, 300px\" \/> <img loading=\"lazy\" decoding=\"async\" class=\"alignnone size-medium wp-image-2108\" src=\"https:\/\/www.ftv-moehlin.ch\/wp-content\/uploads\/2020\/09\/Mittw-turnen5-300x225.jpg\" alt=\"\" width=\"300\" height=\"225\" srcset=\"https:\/\/www.ftv-moehlin.ch\/wp-content\/uploads\/2020\/09\/Mittw-turnen5-300x225.jpg 300w, https:\/\/www.ftv-moehlin.ch\/wp-content\/uploads\/2020\/09\/Mittw-turnen5-1024x768.jpg 1024w, https:\/\/www.ftv-moehlin.ch\/wp-content\/uploads\/2020\/09\/Mittw-turnen5-768x576.jpg 768w, https:\/\/www.ftv-moehlin.ch\/wp-content\/uploads\/2020\/09\/Mittw-turnen5-1536x1152.jpg 1536w, https:\/\/www.ftv-moehlin.ch\/wp-content\/uploads\/2020\/09\/Mittw-turnen5.jpg 2016w\" sizes=\"auto, (max-width: 300px) 100vw, 300px\" \/> <img loading=\"lazy\" decoding=\"async\" class=\"alignnone size-medium wp-image-2109\" src=\"https:\/\/www.ftv-moehlin.ch\/wp-content\/uploads\/2020\/09\/Mittw-turnen6-300x213.jpg\" alt=\"\" width=\"300\" height=\"213\" srcset=\"https:\/\/www.ftv-moehlin.ch\/wp-content\/uploads\/2020\/09\/Mittw-turnen6-300x213.jpg 300w, https:\/\/www.ftv-moehlin.ch\/wp-content\/uploads\/2020\/09\/Mittw-turnen6-1024x727.jpg 1024w, https:\/\/www.ftv-moehlin.ch\/wp-content\/uploads\/2020\/09\/Mittw-turnen6-768x545.jpg 768w, https:\/\/www.ftv-moehlin.ch\/wp-content\/uploads\/2020\/09\/Mittw-turnen6.jpg 1120w\" sizes=\"auto, (max-width: 300px) 100vw, 300px\" \/> <img loading=\"lazy\" decoding=\"async\" class=\"alignnone size-medium wp-image-2110\" src=\"https:\/\/www.ftv-moehlin.ch\/wp-content\/uploads\/2020\/09\/Mittw-Turnen7-300x225.jpg\" alt=\"\" width=\"300\" height=\"225\" srcset=\"https:\/\/www.ftv-moehlin.ch\/wp-content\/uploads\/2020\/09\/Mittw-Turnen7-300x225.jpg 300w, https:\/\/www.ftv-moehlin.ch\/wp-content\/uploads\/2020\/09\/Mittw-Turnen7-1024x768.jpg 1024w, https:\/\/www.ftv-moehlin.ch\/wp-content\/uploads\/2020\/09\/Mittw-Turnen7-768x576.jpg 768w, https:\/\/www.ftv-moehlin.ch\/wp-content\/uploads\/2020\/09\/Mittw-Turnen7-1536x1152.jpg 1536w, https:\/\/www.ftv-moehlin.ch\/wp-content\/uploads\/2020\/09\/Mittw-Turnen7.jpg 2016w\" sizes=\"auto, (max-width: 300px) 100vw, 300px\" \/><\/p>\n<p>&nbsp;<\/p>\n","protected":false},"excerpt":{"rendered":"<p>Trainings: Mittwoch, Steinlihalle ,\u00a0 08.00 \u2013 09.00 Uhr (in der neuen Steinli Halle A2) Ansprechperson: Regine Fritschin 061-851 17 41, leiterin@ftv-moehlin.ch &nbsp; Suuserbummel&hellip;<\/p>\n","protected":false},"author":3,"featured_media":0,"parent":22,"menu_order":5,"comment_status":"closed","ping_status":"open","template":"","meta":{"_exactmetrics_skip_tracking":false,"_exactmetrics_sitenote_active":false,"_exactmetrics_sitenote_note":"","_exactmetrics_sitenote_category":0,"footnotes":""},"class_list":["post-28","page","type-page","status-publish","hentry"],"_links":{"self":[{"href":"https:\/\/www.ftv-moehlin.ch\/index.php?rest_route=\/wp\/v2\/pages\/28","targetHints":{"allow":["GET"]}}],"collection":[{"href":"https:\/\/www.ftv-moehlin.ch\/index.php?rest_route=\/wp\/v2\/pages"}],"about":[{"href":"https:\/\/www.ftv-moehlin.ch\/index.php?rest_route=\/wp\/v2\/types\/page"}],"author":[{"embeddable":true,"href":"https:\/\/www.ftv-moehlin.ch\/index.php?rest_route=\/wp\/v2\/users\/3"}],"replies":[{"embeddable":true,"href":"https:\/\/www.ftv-moehlin.ch\/index.php?rest_route=%2Fwp%2Fv2%2Fcomments&post=28"}],"version-history":[{"count":37,"href":"https:\/\/www.ftv-moehlin.ch\/index.php?rest_route=\/wp\/v2\/pages\/28\/revisions"}],"predecessor-version":[{"id":3975,"href":"https:\/\/www.ftv-moehlin.ch\/index.php?rest_route=\/wp\/v2\/pages\/28\/revisions\/3975"}],"up":[{"embeddable":true,"href":"https:\/\/www.ftv-moehlin.ch\/index.php?rest_route=\/wp\/v2\/pages\/22"}],"wp:attachment":[{"href":"https:\/\/www.ftv-moehlin.ch\/index.php?rest_route=%2Fwp%2Fv2%2Fmedia&parent=28"}],"curies":[{"name":"wp","href":"https:\/\/api.w.org\/{rel}","templated":true}]}}