{"id":24,"date":"2014-10-22T18:45:38","date_gmt":"2014-10-22T18:45:38","guid":{"rendered":"http:\/\/www.ftv-moehlin.ch\/?page_id=24"},"modified":"2026-04-12T15:57:37","modified_gmt":"2026-04-12T15:57:37","slug":"fit-mit-freud","status":"publish","type":"page","link":"https:\/\/www.ftv-moehlin.ch\/?page_id=24","title":{"rendered":"Fit mit Freud"},"content":{"rendered":"<p><span style=\"color: #ff0000;\">Turnen:<\/span><\/p>\n<p>Montag, Mehrzweckhalle Fuchsrain, 19.30-20.30 Uhr<\/p>\n<p>Ansprechperson: Regine Fritschin 061-851 17 41, leiterin@ftv-moehlin.ch<\/p>\n<p>Lachen \u2013 Lernen \u2013 Leisten. Unter diesem Motto sind unsere Turnstunden aufgebaut. Ausgebildete Erwachsenensport Leiterinnen bieten unterhaltsame Lektionen an. In spielerischer Form werden die Teilnehmerinnen in Beweglichkeit, Ausdauer, Kraft und Koordination gef\u00f6rdert und gefordert.<\/p>\n<p><img loading=\"lazy\" decoding=\"async\" class=\"alignnone size-large wp-image-3971\" src=\"https:\/\/www.ftv-moehlin.ch\/wp-content\/uploads\/2026\/02\/IMG-20260127-WA0010-768x1024.jpg\" alt=\"\" width=\"640\" height=\"853\" srcset=\"https:\/\/www.ftv-moehlin.ch\/wp-content\/uploads\/2026\/02\/IMG-20260127-WA0010-768x1024.jpg 768w, https:\/\/www.ftv-moehlin.ch\/wp-content\/uploads\/2026\/02\/IMG-20260127-WA0010-225x300.jpg 225w, https:\/\/www.ftv-moehlin.ch\/wp-content\/uploads\/2026\/02\/IMG-20260127-WA0010-1152x1536.jpg 1152w, https:\/\/www.ftv-moehlin.ch\/wp-content\/uploads\/2026\/02\/IMG-20260127-WA0010-1536x2048.jpg 1536w, https:\/\/www.ftv-moehlin.ch\/wp-content\/uploads\/2026\/02\/IMG-20260127-WA0010-scaled.jpg 1920w\" sizes=\"auto, (max-width: 640px) 100vw, 640px\" \/><\/p>\n<p><img loading=\"lazy\" decoding=\"async\" class=\"alignnone size-large wp-image-3982\" src=\"https:\/\/www.ftv-moehlin.ch\/wp-content\/uploads\/2026\/03\/T-Bow-1024x460.jpg\" alt=\"\" width=\"640\" height=\"288\" srcset=\"https:\/\/www.ftv-moehlin.ch\/wp-content\/uploads\/2026\/03\/T-Bow-1024x460.jpg 1024w, https:\/\/www.ftv-moehlin.ch\/wp-content\/uploads\/2026\/03\/T-Bow-300x135.jpg 300w, https:\/\/www.ftv-moehlin.ch\/wp-content\/uploads\/2026\/03\/T-Bow-768x345.jpg 768w, https:\/\/www.ftv-moehlin.ch\/wp-content\/uploads\/2026\/03\/T-Bow-1536x690.jpg 1536w, https:\/\/www.ftv-moehlin.ch\/wp-content\/uploads\/2026\/03\/T-Bow.jpg 2048w\" sizes=\"auto, (max-width: 640px) 100vw, 640px\" \/><\/p>\n<p>Suuserbummel 25:<\/p>\n<p><img loading=\"lazy\" decoding=\"async\" class=\"alignnone wp-image-3904\" src=\"https:\/\/www.ftv-moehlin.ch\/wp-content\/uploads\/2025\/11\/Fit-mit-Freud-300x225.jpg\" alt=\"\" width=\"427\" height=\"320\" srcset=\"https:\/\/www.ftv-moehlin.ch\/wp-content\/uploads\/2025\/11\/Fit-mit-Freud-300x225.jpg 300w, https:\/\/www.ftv-moehlin.ch\/wp-content\/uploads\/2025\/11\/Fit-mit-Freud-1024x768.jpg 1024w, https:\/\/www.ftv-moehlin.ch\/wp-content\/uploads\/2025\/11\/Fit-mit-Freud-768x576.jpg 768w, https:\/\/www.ftv-moehlin.ch\/wp-content\/uploads\/2025\/11\/Fit-mit-Freud-1536x1152.jpg 1536w, https:\/\/www.ftv-moehlin.ch\/wp-content\/uploads\/2025\/11\/Fit-mit-Freud.jpg 2000w\" sizes=\"auto, (max-width: 427px) 100vw, 427px\" \/> <img loading=\"lazy\" decoding=\"async\" class=\"alignnone wp-image-3905\" src=\"https:\/\/www.ftv-moehlin.ch\/wp-content\/uploads\/2025\/11\/Fit-m.-Freud-1024x768.jpg\" alt=\"\" width=\"427\" height=\"320\" srcset=\"https:\/\/www.ftv-moehlin.ch\/wp-content\/uploads\/2025\/11\/Fit-m.-Freud-1024x768.jpg 1024w, https:\/\/www.ftv-moehlin.ch\/wp-content\/uploads\/2025\/11\/Fit-m.-Freud-300x225.jpg 300w, https:\/\/www.ftv-moehlin.ch\/wp-content\/uploads\/2025\/11\/Fit-m.-Freud-768x576.jpg 768w, https:\/\/www.ftv-moehlin.ch\/wp-content\/uploads\/2025\/11\/Fit-m.-Freud-1536x1152.jpg 1536w, https:\/\/www.ftv-moehlin.ch\/wp-content\/uploads\/2025\/11\/Fit-m.-Freud.jpg 2000w\" sizes=\"auto, (max-width: 427px) 100vw, 427px\" \/><\/p>\n<p>Fit mit Freud Suuserbummel vom 20.10.2025 unterwegs auf dem Seniorenweg. Ein sch\u00f6ner Abend mit tollen Gespr\u00e4chen und vielen Anekdoten. Es war sehr sch\u00f6n mit Euch. Gr\u00fcessli Regine<\/p>\n<p>&nbsp;<\/p>\n<p><img loading=\"lazy\" decoding=\"async\" class=\"alignnone wp-image-3718\" src=\"https:\/\/www.ftv-moehlin.ch\/wp-content\/uploads\/2025\/02\/IMG-20250217-WA0018-1024x768.jpg\" alt=\"\" width=\"350\" height=\"262\" srcset=\"https:\/\/www.ftv-moehlin.ch\/wp-content\/uploads\/2025\/02\/IMG-20250217-WA0018-1024x768.jpg 1024w, https:\/\/www.ftv-moehlin.ch\/wp-content\/uploads\/2025\/02\/IMG-20250217-WA0018-300x225.jpg 300w, https:\/\/www.ftv-moehlin.ch\/wp-content\/uploads\/2025\/02\/IMG-20250217-WA0018-768x576.jpg 768w, https:\/\/www.ftv-moehlin.ch\/wp-content\/uploads\/2025\/02\/IMG-20250217-WA0018-1536x1152.jpg 1536w, https:\/\/www.ftv-moehlin.ch\/wp-content\/uploads\/2025\/02\/IMG-20250217-WA0018.jpg 2000w\" sizes=\"auto, (max-width: 350px) 100vw, 350px\" \/><\/p>\n<p><img loading=\"lazy\" decoding=\"async\" class=\"alignnone size-medium wp-image-3715\" src=\"https:\/\/www.ftv-moehlin.ch\/wp-content\/uploads\/2025\/02\/IMG-20250217-WA0021-300x225.jpg\" alt=\"\" width=\"300\" height=\"225\" srcset=\"https:\/\/www.ftv-moehlin.ch\/wp-content\/uploads\/2025\/02\/IMG-20250217-WA0021-300x225.jpg 300w, https:\/\/www.ftv-moehlin.ch\/wp-content\/uploads\/2025\/02\/IMG-20250217-WA0021-1024x768.jpg 1024w, https:\/\/www.ftv-moehlin.ch\/wp-content\/uploads\/2025\/02\/IMG-20250217-WA0021-768x576.jpg 768w, https:\/\/www.ftv-moehlin.ch\/wp-content\/uploads\/2025\/02\/IMG-20250217-WA0021-1536x1152.jpg 1536w, https:\/\/www.ftv-moehlin.ch\/wp-content\/uploads\/2025\/02\/IMG-20250217-WA0021.jpg 2000w\" sizes=\"auto, (max-width: 300px) 100vw, 300px\" \/> <img loading=\"lazy\" decoding=\"async\" class=\"alignnone wp-image-3716\" src=\"https:\/\/www.ftv-moehlin.ch\/wp-content\/uploads\/2025\/02\/IMG-20250217-WA0020-1024x768.jpg\" alt=\"\" width=\"299\" height=\"224\" srcset=\"https:\/\/www.ftv-moehlin.ch\/wp-content\/uploads\/2025\/02\/IMG-20250217-WA0020-1024x768.jpg 1024w, https:\/\/www.ftv-moehlin.ch\/wp-content\/uploads\/2025\/02\/IMG-20250217-WA0020-300x225.jpg 300w, https:\/\/www.ftv-moehlin.ch\/wp-content\/uploads\/2025\/02\/IMG-20250217-WA0020-768x576.jpg 768w, https:\/\/www.ftv-moehlin.ch\/wp-content\/uploads\/2025\/02\/IMG-20250217-WA0020-1536x1152.jpg 1536w, https:\/\/www.ftv-moehlin.ch\/wp-content\/uploads\/2025\/02\/IMG-20250217-WA0020.jpg 2000w\" sizes=\"auto, (max-width: 299px) 100vw, 299px\" \/> <img loading=\"lazy\" decoding=\"async\" class=\"alignnone wp-image-3717\" src=\"https:\/\/www.ftv-moehlin.ch\/wp-content\/uploads\/2025\/02\/IMG-20250217-WA0019-1024x768.jpg\" alt=\"\" width=\"298\" height=\"223\" srcset=\"https:\/\/www.ftv-moehlin.ch\/wp-content\/uploads\/2025\/02\/IMG-20250217-WA0019-1024x768.jpg 1024w, https:\/\/www.ftv-moehlin.ch\/wp-content\/uploads\/2025\/02\/IMG-20250217-WA0019-300x225.jpg 300w, https:\/\/www.ftv-moehlin.ch\/wp-content\/uploads\/2025\/02\/IMG-20250217-WA0019-768x576.jpg 768w, https:\/\/www.ftv-moehlin.ch\/wp-content\/uploads\/2025\/02\/IMG-20250217-WA0019-1536x1152.jpg 1536w, https:\/\/www.ftv-moehlin.ch\/wp-content\/uploads\/2025\/02\/IMG-20250217-WA0019.jpg 2000w\" sizes=\"auto, (max-width: 298px) 100vw, 298px\" \/><\/p>\n<p><img loading=\"lazy\" decoding=\"async\" class=\"alignnone size-medium wp-image-3646\" src=\"https:\/\/www.ftv-moehlin.ch\/wp-content\/uploads\/2024\/10\/FTVMO-225x300.jpg\" alt=\"\" width=\"225\" height=\"300\" srcset=\"https:\/\/www.ftv-moehlin.ch\/wp-content\/uploads\/2024\/10\/FTVMO-225x300.jpg 225w, https:\/\/www.ftv-moehlin.ch\/wp-content\/uploads\/2024\/10\/FTVMO-768x1024.jpg 768w, https:\/\/www.ftv-moehlin.ch\/wp-content\/uploads\/2024\/10\/FTVMO-1152x1536.jpg 1152w, https:\/\/www.ftv-moehlin.ch\/wp-content\/uploads\/2024\/10\/FTVMO.jpg 1536w\" sizes=\"auto, (max-width: 225px) 100vw, 225px\" \/> <img loading=\"lazy\" decoding=\"async\" class=\"alignnone wp-image-3647\" src=\"https:\/\/www.ftv-moehlin.ch\/wp-content\/uploads\/2024\/10\/FTVMoa.jpg\" alt=\"\" width=\"226\" height=\"302\" srcset=\"https:\/\/www.ftv-moehlin.ch\/wp-content\/uploads\/2024\/10\/FTVMoa.jpg 1536w, https:\/\/www.ftv-moehlin.ch\/wp-content\/uploads\/2024\/10\/FTVMoa-225x300.jpg 225w, https:\/\/www.ftv-moehlin.ch\/wp-content\/uploads\/2024\/10\/FTVMoa-768x1024.jpg 768w, https:\/\/www.ftv-moehlin.ch\/wp-content\/uploads\/2024\/10\/FTVMoa-1152x1536.jpg 1152w\" sizes=\"auto, (max-width: 226px) 100vw, 226px\" \/> Wandpilates<\/p>\n<p>Suuserbummel 2024:<\/p>\n<p><img loading=\"lazy\" decoding=\"async\" class=\"alignnone size-medium wp-image-3660\" src=\"https:\/\/www.ftv-moehlin.ch\/wp-content\/uploads\/2024\/10\/Suuserbummel25-300x225.jpg\" alt=\"\" width=\"300\" height=\"225\" srcset=\"https:\/\/www.ftv-moehlin.ch\/wp-content\/uploads\/2024\/10\/Suuserbummel25-300x225.jpg 300w, https:\/\/www.ftv-moehlin.ch\/wp-content\/uploads\/2024\/10\/Suuserbummel25-1024x768.jpg 1024w, https:\/\/www.ftv-moehlin.ch\/wp-content\/uploads\/2024\/10\/Suuserbummel25-768x576.jpg 768w, https:\/\/www.ftv-moehlin.ch\/wp-content\/uploads\/2024\/10\/Suuserbummel25-1536x1152.jpg 1536w, https:\/\/www.ftv-moehlin.ch\/wp-content\/uploads\/2024\/10\/Suuserbummel25.jpg 2000w\" sizes=\"auto, (max-width: 300px) 100vw, 300px\" \/> <img loading=\"lazy\" decoding=\"async\" class=\"alignnone wp-image-3661\" src=\"https:\/\/www.ftv-moehlin.ch\/wp-content\/uploads\/2024\/10\/Suuserbummel25a-577x1024.jpg\" alt=\"\" width=\"126\" height=\"224\" srcset=\"https:\/\/www.ftv-moehlin.ch\/wp-content\/uploads\/2024\/10\/Suuserbummel25a-577x1024.jpg 577w, https:\/\/www.ftv-moehlin.ch\/wp-content\/uploads\/2024\/10\/Suuserbummel25a-169x300.jpg 169w, https:\/\/www.ftv-moehlin.ch\/wp-content\/uploads\/2024\/10\/Suuserbummel25a-768x1364.jpg 768w, https:\/\/www.ftv-moehlin.ch\/wp-content\/uploads\/2024\/10\/Suuserbummel25a-865x1536.jpg 865w, https:\/\/www.ftv-moehlin.ch\/wp-content\/uploads\/2024\/10\/Suuserbummel25a.jpg 1153w\" sizes=\"auto, (max-width: 126px) 100vw, 126px\" \/><\/p>\n<p>Jahresabschluss-Turnstunde:<\/p>\n<p><img loading=\"lazy\" decoding=\"async\" class=\"alignnone size-medium wp-image-3471\" src=\"https:\/\/www.ftv-moehlin.ch\/wp-content\/uploads\/2023\/12\/Hock23-300x225.jpg\" alt=\"\" width=\"300\" height=\"225\" srcset=\"https:\/\/www.ftv-moehlin.ch\/wp-content\/uploads\/2023\/12\/Hock23-300x225.jpg 300w, https:\/\/www.ftv-moehlin.ch\/wp-content\/uploads\/2023\/12\/Hock23-1024x768.jpg 1024w, https:\/\/www.ftv-moehlin.ch\/wp-content\/uploads\/2023\/12\/Hock23-768x576.jpg 768w, https:\/\/www.ftv-moehlin.ch\/wp-content\/uploads\/2023\/12\/Hock23-1536x1152.jpg 1536w, https:\/\/www.ftv-moehlin.ch\/wp-content\/uploads\/2023\/12\/Hock23.jpg 2048w\" sizes=\"auto, (max-width: 300px) 100vw, 300px\" \/> \u00a0<img loading=\"lazy\" decoding=\"async\" class=\"alignnone wp-image-3473\" src=\"https:\/\/www.ftv-moehlin.ch\/wp-content\/uploads\/2023\/12\/Hock23b-1024x768.jpg\" alt=\"\" width=\"299\" height=\"224\" srcset=\"https:\/\/www.ftv-moehlin.ch\/wp-content\/uploads\/2023\/12\/Hock23b-1024x768.jpg 1024w, https:\/\/www.ftv-moehlin.ch\/wp-content\/uploads\/2023\/12\/Hock23b-300x225.jpg 300w, https:\/\/www.ftv-moehlin.ch\/wp-content\/uploads\/2023\/12\/Hock23b-768x576.jpg 768w, https:\/\/www.ftv-moehlin.ch\/wp-content\/uploads\/2023\/12\/Hock23b-1536x1152.jpg 1536w, https:\/\/www.ftv-moehlin.ch\/wp-content\/uploads\/2023\/12\/Hock23b.jpg 2048w\" sizes=\"auto, (max-width: 299px) 100vw, 299px\" \/> <img loading=\"lazy\" decoding=\"async\" class=\"alignnone wp-image-3474\" src=\"https:\/\/www.ftv-moehlin.ch\/wp-content\/uploads\/2023\/12\/Hock23d-768x1024.jpg\" alt=\"\" width=\"184\" height=\"246\" srcset=\"https:\/\/www.ftv-moehlin.ch\/wp-content\/uploads\/2023\/12\/Hock23d-768x1024.jpg 768w, https:\/\/www.ftv-moehlin.ch\/wp-content\/uploads\/2023\/12\/Hock23d-225x300.jpg 225w, https:\/\/www.ftv-moehlin.ch\/wp-content\/uploads\/2023\/12\/Hock23d-1152x1536.jpg 1152w, https:\/\/www.ftv-moehlin.ch\/wp-content\/uploads\/2023\/12\/Hock23d.jpg 1536w\" sizes=\"auto, (max-width: 184px) 100vw, 184px\" \/> <img loading=\"lazy\" decoding=\"async\" class=\"alignnone wp-image-3475\" src=\"https:\/\/www.ftv-moehlin.ch\/wp-content\/uploads\/2023\/12\/Hock23e-1024x768.jpg\" alt=\"\" width=\"333\" height=\"250\" srcset=\"https:\/\/www.ftv-moehlin.ch\/wp-content\/uploads\/2023\/12\/Hock23e-1024x768.jpg 1024w, https:\/\/www.ftv-moehlin.ch\/wp-content\/uploads\/2023\/12\/Hock23e-300x225.jpg 300w, https:\/\/www.ftv-moehlin.ch\/wp-content\/uploads\/2023\/12\/Hock23e-768x576.jpg 768w, https:\/\/www.ftv-moehlin.ch\/wp-content\/uploads\/2023\/12\/Hock23e-1536x1152.jpg 1536w, https:\/\/www.ftv-moehlin.ch\/wp-content\/uploads\/2023\/12\/Hock23e.jpg 2048w\" sizes=\"auto, (max-width: 333px) 100vw, 333px\" \/> <img loading=\"lazy\" decoding=\"async\" class=\"alignnone wp-image-3476\" src=\"https:\/\/www.ftv-moehlin.ch\/wp-content\/uploads\/2023\/12\/Hock23f-1024x768.jpg\" alt=\"\" width=\"334\" height=\"250\" srcset=\"https:\/\/www.ftv-moehlin.ch\/wp-content\/uploads\/2023\/12\/Hock23f-1024x768.jpg 1024w, https:\/\/www.ftv-moehlin.ch\/wp-content\/uploads\/2023\/12\/Hock23f-300x225.jpg 300w, https:\/\/www.ftv-moehlin.ch\/wp-content\/uploads\/2023\/12\/Hock23f-768x576.jpg 768w, https:\/\/www.ftv-moehlin.ch\/wp-content\/uploads\/2023\/12\/Hock23f-1536x1152.jpg 1536w, https:\/\/www.ftv-moehlin.ch\/wp-content\/uploads\/2023\/12\/Hock23f.jpg 2048w\" sizes=\"auto, (max-width: 334px) 100vw, 334px\" \/> <img loading=\"lazy\" decoding=\"async\" class=\"alignnone wp-image-3477\" src=\"https:\/\/www.ftv-moehlin.ch\/wp-content\/uploads\/2023\/12\/Hock23g-1024x768.jpg\" alt=\"\" width=\"332\" height=\"249\" srcset=\"https:\/\/www.ftv-moehlin.ch\/wp-content\/uploads\/2023\/12\/Hock23g-1024x768.jpg 1024w, https:\/\/www.ftv-moehlin.ch\/wp-content\/uploads\/2023\/12\/Hock23g-300x225.jpg 300w, https:\/\/www.ftv-moehlin.ch\/wp-content\/uploads\/2023\/12\/Hock23g-768x576.jpg 768w, https:\/\/www.ftv-moehlin.ch\/wp-content\/uploads\/2023\/12\/Hock23g-1536x1152.jpg 1536w, https:\/\/www.ftv-moehlin.ch\/wp-content\/uploads\/2023\/12\/Hock23g.jpg 2048w\" sizes=\"auto, (max-width: 332px) 100vw, 332px\" \/> <img loading=\"lazy\" decoding=\"async\" class=\"alignnone wp-image-3478\" src=\"https:\/\/www.ftv-moehlin.ch\/wp-content\/uploads\/2023\/12\/Hock23h-1024x768.jpg\" alt=\"\" width=\"332\" height=\"249\" srcset=\"https:\/\/www.ftv-moehlin.ch\/wp-content\/uploads\/2023\/12\/Hock23h-1024x768.jpg 1024w, https:\/\/www.ftv-moehlin.ch\/wp-content\/uploads\/2023\/12\/Hock23h-300x225.jpg 300w, https:\/\/www.ftv-moehlin.ch\/wp-content\/uploads\/2023\/12\/Hock23h-768x576.jpg 768w, https:\/\/www.ftv-moehlin.ch\/wp-content\/uploads\/2023\/12\/Hock23h-1536x1152.jpg 1536w, https:\/\/www.ftv-moehlin.ch\/wp-content\/uploads\/2023\/12\/Hock23h.jpg 2048w\" sizes=\"auto, (max-width: 332px) 100vw, 332px\" \/><\/p>\n<p>&nbsp;<\/p>\n<p>&nbsp;<\/p>\n<p><img loading=\"lazy\" decoding=\"async\" class=\"alignnone wp-image-3403\" src=\"https:\/\/www.ftv-moehlin.ch\/wp-content\/uploads\/2023\/10\/MOturnen23-300x225.jpg\" alt=\"\" width=\"221\" height=\"166\" srcset=\"https:\/\/www.ftv-moehlin.ch\/wp-content\/uploads\/2023\/10\/MOturnen23-300x225.jpg 300w, https:\/\/www.ftv-moehlin.ch\/wp-content\/uploads\/2023\/10\/MOturnen23-1024x768.jpg 1024w, https:\/\/www.ftv-moehlin.ch\/wp-content\/uploads\/2023\/10\/MOturnen23-768x576.jpg 768w, https:\/\/www.ftv-moehlin.ch\/wp-content\/uploads\/2023\/10\/MOturnen23-1536x1152.jpg 1536w, https:\/\/www.ftv-moehlin.ch\/wp-content\/uploads\/2023\/10\/MOturnen23.jpg 2048w\" sizes=\"auto, (max-width: 221px) 100vw, 221px\" \/> <img loading=\"lazy\" decoding=\"async\" class=\"alignnone size-medium wp-image-3404\" src=\"https:\/\/www.ftv-moehlin.ch\/wp-content\/uploads\/2023\/10\/MOturnen23a-300x143.jpg\" alt=\"\" width=\"300\" height=\"143\" srcset=\"https:\/\/www.ftv-moehlin.ch\/wp-content\/uploads\/2023\/10\/MOturnen23a-300x143.jpg 300w, https:\/\/www.ftv-moehlin.ch\/wp-content\/uploads\/2023\/10\/MOturnen23a-1024x488.jpg 1024w, https:\/\/www.ftv-moehlin.ch\/wp-content\/uploads\/2023\/10\/MOturnen23a-768x366.jpg 768w, https:\/\/www.ftv-moehlin.ch\/wp-content\/uploads\/2023\/10\/MOturnen23a-1536x732.jpg 1536w, https:\/\/www.ftv-moehlin.ch\/wp-content\/uploads\/2023\/10\/MOturnen23a.jpg 1820w\" sizes=\"auto, (max-width: 300px) 100vw, 300px\" \/> <img loading=\"lazy\" decoding=\"async\" class=\"alignnone size-medium wp-image-3405\" src=\"https:\/\/www.ftv-moehlin.ch\/wp-content\/uploads\/2023\/10\/MOturnen23b-300x146.jpg\" alt=\"\" width=\"300\" height=\"146\" srcset=\"https:\/\/www.ftv-moehlin.ch\/wp-content\/uploads\/2023\/10\/MOturnen23b-300x146.jpg 300w, https:\/\/www.ftv-moehlin.ch\/wp-content\/uploads\/2023\/10\/MOturnen23b-1024x500.jpg 1024w, https:\/\/www.ftv-moehlin.ch\/wp-content\/uploads\/2023\/10\/MOturnen23b-768x375.jpg 768w, https:\/\/www.ftv-moehlin.ch\/wp-content\/uploads\/2023\/10\/MOturnen23b-1536x749.jpg 1536w, https:\/\/www.ftv-moehlin.ch\/wp-content\/uploads\/2023\/10\/MOturnen23b.jpg 2048w\" sizes=\"auto, (max-width: 300px) 100vw, 300px\" \/><img loading=\"lazy\" decoding=\"async\" class=\"alignnone size-medium wp-image-3083\" src=\"https:\/\/www.ftv-moehlin.ch\/wp-content\/uploads\/2023\/01\/Montagsturnen-300x238.jpg\" alt=\"\" width=\"300\" height=\"238\" srcset=\"https:\/\/www.ftv-moehlin.ch\/wp-content\/uploads\/2023\/01\/Montagsturnen-300x238.jpg 300w, https:\/\/www.ftv-moehlin.ch\/wp-content\/uploads\/2023\/01\/Montagsturnen-1024x814.jpg 1024w, https:\/\/www.ftv-moehlin.ch\/wp-content\/uploads\/2023\/01\/Montagsturnen-768x611.jpg 768w, https:\/\/www.ftv-moehlin.ch\/wp-content\/uploads\/2023\/01\/Montagsturnen-1536x1221.jpg 1536w, https:\/\/www.ftv-moehlin.ch\/wp-content\/uploads\/2023\/01\/Montagsturnen.jpg 2048w\" sizes=\"auto, (max-width: 300px) 100vw, 300px\" \/><\/p>\n<p><img loading=\"lazy\" decoding=\"async\" class=\"alignnone size-thumbnail wp-image-1356\" src=\"https:\/\/www.ftv-moehlin.ch\/wp-content\/uploads\/2019\/01\/PHOTO-2019-01-21-22-52-25-150x150.jpg\" alt=\"\" width=\"150\" height=\"150\" \/> <img loading=\"lazy\" decoding=\"async\" class=\"alignnone size-thumbnail wp-image-1357\" src=\"https:\/\/www.ftv-moehlin.ch\/wp-content\/uploads\/2019\/01\/PHOTO-2019-01-21-22-52-26-150x150.jpg\" alt=\"\" width=\"150\" height=\"150\" \/> <img loading=\"lazy\" decoding=\"async\" class=\"alignnone size-thumbnail wp-image-1358\" src=\"https:\/\/www.ftv-moehlin.ch\/wp-content\/uploads\/2019\/01\/PHOTO-2019-01-21-22-52-27-150x150.jpg\" alt=\"\" width=\"150\" height=\"150\" \/><\/p>\n<p>&nbsp;<\/p>\n<p>&nbsp;<\/p>\n<p>&nbsp;<\/p>\n<p>&nbsp;<\/p>\n","protected":false},"excerpt":{"rendered":"<p>Turnen: Montag, Mehrzweckhalle Fuchsrain, 19.30-20.30 Uhr Ansprechperson: Regine Fritschin 061-851 17 41, leiterin@ftv-moehlin.ch Lachen \u2013 Lernen \u2013 Leisten. Unter diesem Motto sind unsere&hellip;<\/p>\n","protected":false},"author":3,"featured_media":0,"parent":22,"menu_order":3,"comment_status":"closed","ping_status":"open","template":"","meta":{"_exactmetrics_skip_tracking":false,"_exactmetrics_sitenote_active":false,"_exactmetrics_sitenote_note":"","_exactmetrics_sitenote_category":0,"footnotes":""},"class_list":["post-24","page","type-page","status-publish","hentry"],"_links":{"self":[{"href":"https:\/\/www.ftv-moehlin.ch\/index.php?rest_route=\/wp\/v2\/pages\/24","targetHints":{"allow":["GET"]}}],"collection":[{"href":"https:\/\/www.ftv-moehlin.ch\/index.php?rest_route=\/wp\/v2\/pages"}],"about":[{"href":"https:\/\/www.ftv-moehlin.ch\/index.php?rest_route=\/wp\/v2\/types\/page"}],"author":[{"embeddable":true,"href":"https:\/\/www.ftv-moehlin.ch\/index.php?rest_route=\/wp\/v2\/users\/3"}],"replies":[{"embeddable":true,"href":"https:\/\/www.ftv-moehlin.ch\/index.php?rest_route=%2Fwp%2Fv2%2Fcomments&post=24"}],"version-history":[{"count":42,"href":"https:\/\/www.ftv-moehlin.ch\/index.php?rest_route=\/wp\/v2\/pages\/24\/revisions"}],"predecessor-version":[{"id":4057,"href":"https:\/\/www.ftv-moehlin.ch\/index.php?rest_route=\/wp\/v2\/pages\/24\/revisions\/4057"}],"up":[{"embeddable":true,"href":"https:\/\/www.ftv-moehlin.ch\/index.php?rest_route=\/wp\/v2\/pages\/22"}],"wp:attachment":[{"href":"https:\/\/www.ftv-moehlin.ch\/index.php?rest_route=%2Fwp%2Fv2%2Fmedia&parent=24"}],"curies":[{"name":"wp","href":"https:\/\/api.w.org\/{rel}","templated":true}]}}