{"id":109,"date":"2014-10-22T21:02:23","date_gmt":"2014-10-22T21:02:23","guid":{"rendered":"http:\/\/www.ftv-moehlin.ch\/?page_id=109"},"modified":"2026-03-04T11:33:46","modified_gmt":"2026-03-04T11:33:46","slug":"seniorinnen","status":"publish","type":"page","link":"https:\/\/www.ftv-moehlin.ch\/?page_id=109","title":{"rendered":"Seniorinnen"},"content":{"rendered":"<p><span style=\"color: #ff0000;\">Turnen:<\/span><\/p>\n<p>Abwechslungsreiche Turnstunden jede:<\/p>\n<p>Dienstag, Mehrzweckhalle Fuchsrain, 19.00 \u2013 20.00 Uhr<\/p>\n<p>Ansprechperson: Regine Fritschin 061-851 17 41, leiterin@ftv-moehlin.ch<\/p>\n<p><img loading=\"lazy\" decoding=\"async\" class=\"alignnone size-large wp-image-3970\" src=\"https:\/\/www.ftv-moehlin.ch\/wp-content\/uploads\/2026\/02\/IMG-20260127-WA0053-1024x612.jpg\" alt=\"\" width=\"640\" height=\"383\" srcset=\"https:\/\/www.ftv-moehlin.ch\/wp-content\/uploads\/2026\/02\/IMG-20260127-WA0053-1024x612.jpg 1024w, https:\/\/www.ftv-moehlin.ch\/wp-content\/uploads\/2026\/02\/IMG-20260127-WA0053-300x179.jpg 300w, https:\/\/www.ftv-moehlin.ch\/wp-content\/uploads\/2026\/02\/IMG-20260127-WA0053-768x459.jpg 768w, https:\/\/www.ftv-moehlin.ch\/wp-content\/uploads\/2026\/02\/IMG-20260127-WA0053-1536x918.jpg 1536w, https:\/\/www.ftv-moehlin.ch\/wp-content\/uploads\/2026\/02\/IMG-20260127-WA0053.jpg 2048w\" sizes=\"auto, (max-width: 640px) 100vw, 640px\" \/><\/p>\n<p>&nbsp;<\/p>\n<p>&nbsp;<\/p>\n<p>Suuserbummel 25:<\/p>\n<p><img loading=\"lazy\" decoding=\"async\" class=\"alignnone wp-image-3899\" src=\"https:\/\/www.ftv-moehlin.ch\/wp-content\/uploads\/2025\/10\/Suuser25-300x225.jpg\" alt=\"\" width=\"385\" height=\"289\" srcset=\"https:\/\/www.ftv-moehlin.ch\/wp-content\/uploads\/2025\/10\/Suuser25-300x225.jpg 300w, https:\/\/www.ftv-moehlin.ch\/wp-content\/uploads\/2025\/10\/Suuser25-1024x768.jpg 1024w, https:\/\/www.ftv-moehlin.ch\/wp-content\/uploads\/2025\/10\/Suuser25-768x576.jpg 768w, https:\/\/www.ftv-moehlin.ch\/wp-content\/uploads\/2025\/10\/Suuser25-1536x1152.jpg 1536w, https:\/\/www.ftv-moehlin.ch\/wp-content\/uploads\/2025\/10\/Suuser25.jpg 2000w\" sizes=\"auto, (max-width: 385px) 100vw, 385px\" \/><\/p>\n<p>Seniorinnen und Fit Gym Gruppe am 21.10.2025 in M\u00f6hlin unterwegs fast ohne Regen. Anschliessendes gem\u00fctliches Beisammensein im Rest. Bahnh\u00f6fli. Eine tolle Gruppe waren wir. Gr\u00fcessli Regine<\/p>\n<p>&nbsp;<\/p>\n<p><img loading=\"lazy\" decoding=\"async\" class=\"alignnone size-large wp-image-3733\" src=\"https:\/\/www.ftv-moehlin.ch\/wp-content\/uploads\/2025\/02\/IMG-20250217-WA0002-1024x768.jpg\" alt=\"\" width=\"640\" height=\"480\" srcset=\"https:\/\/www.ftv-moehlin.ch\/wp-content\/uploads\/2025\/02\/IMG-20250217-WA0002-1024x768.jpg 1024w, https:\/\/www.ftv-moehlin.ch\/wp-content\/uploads\/2025\/02\/IMG-20250217-WA0002-300x225.jpg 300w, https:\/\/www.ftv-moehlin.ch\/wp-content\/uploads\/2025\/02\/IMG-20250217-WA0002-768x576.jpg 768w, https:\/\/www.ftv-moehlin.ch\/wp-content\/uploads\/2025\/02\/IMG-20250217-WA0002-1536x1152.jpg 1536w, https:\/\/www.ftv-moehlin.ch\/wp-content\/uploads\/2025\/02\/IMG-20250217-WA0002.jpg 1600w\" sizes=\"auto, (max-width: 640px) 100vw, 640px\" \/><\/p>\n<p><img loading=\"lazy\" decoding=\"async\" class=\"alignnone size-medium wp-image-3732\" src=\"https:\/\/www.ftv-moehlin.ch\/wp-content\/uploads\/2025\/02\/IMG-20250217-WA0004-300x225.jpg\" alt=\"\" width=\"300\" height=\"225\" srcset=\"https:\/\/www.ftv-moehlin.ch\/wp-content\/uploads\/2025\/02\/IMG-20250217-WA0004-300x225.jpg 300w, https:\/\/www.ftv-moehlin.ch\/wp-content\/uploads\/2025\/02\/IMG-20250217-WA0004-1024x768.jpg 1024w, https:\/\/www.ftv-moehlin.ch\/wp-content\/uploads\/2025\/02\/IMG-20250217-WA0004-768x576.jpg 768w, https:\/\/www.ftv-moehlin.ch\/wp-content\/uploads\/2025\/02\/IMG-20250217-WA0004-1536x1152.jpg 1536w, https:\/\/www.ftv-moehlin.ch\/wp-content\/uploads\/2025\/02\/IMG-20250217-WA0004.jpg 2048w\" sizes=\"auto, (max-width: 300px) 100vw, 300px\" \/><img loading=\"lazy\" decoding=\"async\" class=\"alignnone size-medium wp-image-3731\" src=\"https:\/\/www.ftv-moehlin.ch\/wp-content\/uploads\/2025\/02\/IMG-20250217-WA0005-300x225.jpg\" alt=\"\" width=\"300\" height=\"225\" srcset=\"https:\/\/www.ftv-moehlin.ch\/wp-content\/uploads\/2025\/02\/IMG-20250217-WA0005-300x225.jpg 300w, https:\/\/www.ftv-moehlin.ch\/wp-content\/uploads\/2025\/02\/IMG-20250217-WA0005-1024x768.jpg 1024w, https:\/\/www.ftv-moehlin.ch\/wp-content\/uploads\/2025\/02\/IMG-20250217-WA0005-768x576.jpg 768w, https:\/\/www.ftv-moehlin.ch\/wp-content\/uploads\/2025\/02\/IMG-20250217-WA0005-1536x1152.jpg 1536w, https:\/\/www.ftv-moehlin.ch\/wp-content\/uploads\/2025\/02\/IMG-20250217-WA0005.jpg 2048w\" sizes=\"auto, (max-width: 300px) 100vw, 300px\" \/><img loading=\"lazy\" decoding=\"async\" class=\"alignnone size-medium wp-image-3730\" src=\"https:\/\/www.ftv-moehlin.ch\/wp-content\/uploads\/2025\/02\/IMG-20250217-WA0006-300x225.jpg\" alt=\"\" width=\"300\" height=\"225\" srcset=\"https:\/\/www.ftv-moehlin.ch\/wp-content\/uploads\/2025\/02\/IMG-20250217-WA0006-300x225.jpg 300w, https:\/\/www.ftv-moehlin.ch\/wp-content\/uploads\/2025\/02\/IMG-20250217-WA0006-1024x768.jpg 1024w, https:\/\/www.ftv-moehlin.ch\/wp-content\/uploads\/2025\/02\/IMG-20250217-WA0006-768x576.jpg 768w, https:\/\/www.ftv-moehlin.ch\/wp-content\/uploads\/2025\/02\/IMG-20250217-WA0006-1536x1152.jpg 1536w, https:\/\/www.ftv-moehlin.ch\/wp-content\/uploads\/2025\/02\/IMG-20250217-WA0006.jpg 2048w\" sizes=\"auto, (max-width: 300px) 100vw, 300px\" \/><\/p>\n<p><img loading=\"lazy\" decoding=\"async\" class=\"alignnone size-medium wp-image-3674\" src=\"https:\/\/www.ftv-moehlin.ch\/wp-content\/uploads\/2024\/11\/Suuser24a-225x300.jpg\" alt=\"\" width=\"225\" height=\"300\" srcset=\"https:\/\/www.ftv-moehlin.ch\/wp-content\/uploads\/2024\/11\/Suuser24a-225x300.jpg 225w, https:\/\/www.ftv-moehlin.ch\/wp-content\/uploads\/2024\/11\/Suuser24a-768x1024.jpg 768w, https:\/\/www.ftv-moehlin.ch\/wp-content\/uploads\/2024\/11\/Suuser24a-1152x1536.jpg 1152w, https:\/\/www.ftv-moehlin.ch\/wp-content\/uploads\/2024\/11\/Suuser24a.jpg 1500w\" sizes=\"auto, (max-width: 225px) 100vw, 225px\" \/><img loading=\"lazy\" decoding=\"async\" class=\"alignnone size-medium wp-image-3681\" src=\"https:\/\/www.ftv-moehlin.ch\/wp-content\/uploads\/2024\/11\/Suuser24-225x300.jpg\" alt=\"\" width=\"225\" height=\"300\" srcset=\"https:\/\/www.ftv-moehlin.ch\/wp-content\/uploads\/2024\/11\/Suuser24-225x300.jpg 225w, https:\/\/www.ftv-moehlin.ch\/wp-content\/uploads\/2024\/11\/Suuser24-768x1024.jpg 768w, https:\/\/www.ftv-moehlin.ch\/wp-content\/uploads\/2024\/11\/Suuser24-1152x1536.jpg 1152w, https:\/\/www.ftv-moehlin.ch\/wp-content\/uploads\/2024\/11\/Suuser24.jpg 1500w\" sizes=\"auto, (max-width: 225px) 100vw, 225px\" \/><\/p>\n<p>Suuserbummel2024<\/p>\n<p>&nbsp;<\/p>\n<p><img loading=\"lazy\" decoding=\"async\" class=\"alignnone size-large wp-image-3444\" src=\"https:\/\/www.ftv-moehlin.ch\/wp-content\/uploads\/2023\/12\/Chlausseniorinnen23-1024x768.jpg\" alt=\"\" width=\"640\" height=\"480\" srcset=\"https:\/\/www.ftv-moehlin.ch\/wp-content\/uploads\/2023\/12\/Chlausseniorinnen23-1024x768.jpg 1024w, https:\/\/www.ftv-moehlin.ch\/wp-content\/uploads\/2023\/12\/Chlausseniorinnen23-300x225.jpg 300w, https:\/\/www.ftv-moehlin.ch\/wp-content\/uploads\/2023\/12\/Chlausseniorinnen23-768x576.jpg 768w, https:\/\/www.ftv-moehlin.ch\/wp-content\/uploads\/2023\/12\/Chlausseniorinnen23-1536x1152.jpg 1536w, https:\/\/www.ftv-moehlin.ch\/wp-content\/uploads\/2023\/12\/Chlausseniorinnen23.jpg 2016w\" sizes=\"auto, (max-width: 640px) 100vw, 640px\" \/><\/p>\n<p><img loading=\"lazy\" decoding=\"async\" class=\"alignnone wp-image-3000\" src=\"https:\/\/www.ftv-moehlin.ch\/wp-content\/uploads\/2022\/09\/Seniorinnen-Herbst22.jpg\" alt=\"\" width=\"451\" height=\"338\" srcset=\"https:\/\/www.ftv-moehlin.ch\/wp-content\/uploads\/2022\/09\/Seniorinnen-Herbst22.jpg 2048w, https:\/\/www.ftv-moehlin.ch\/wp-content\/uploads\/2022\/09\/Seniorinnen-Herbst22-300x225.jpg 300w, https:\/\/www.ftv-moehlin.ch\/wp-content\/uploads\/2022\/09\/Seniorinnen-Herbst22-1024x768.jpg 1024w, https:\/\/www.ftv-moehlin.ch\/wp-content\/uploads\/2022\/09\/Seniorinnen-Herbst22-768x576.jpg 768w, https:\/\/www.ftv-moehlin.ch\/wp-content\/uploads\/2022\/09\/Seniorinnen-Herbst22-1536x1152.jpg 1536w\" sizes=\"auto, (max-width: 451px) 100vw, 451px\" \/><\/p>\n<figure id=\"attachment_3136\" aria-describedby=\"caption-attachment-3136\" style=\"width: 225px\" class=\"wp-caption alignnone\"><img loading=\"lazy\" decoding=\"async\" class=\"size-medium wp-image-3136\" src=\"https:\/\/www.ftv-moehlin.ch\/wp-content\/uploads\/2023\/02\/GV23g-225x300.jpg\" alt=\"\" width=\"225\" height=\"300\" srcset=\"https:\/\/www.ftv-moehlin.ch\/wp-content\/uploads\/2023\/02\/GV23g-225x300.jpg 225w, https:\/\/www.ftv-moehlin.ch\/wp-content\/uploads\/2023\/02\/GV23g-768x1024.jpg 768w, https:\/\/www.ftv-moehlin.ch\/wp-content\/uploads\/2023\/02\/GV23g-1152x1536.jpg 1152w, https:\/\/www.ftv-moehlin.ch\/wp-content\/uploads\/2023\/02\/GV23g.jpg 1512w\" sizes=\"auto, (max-width: 225px) 100vw, 225px\" \/><figcaption id=\"caption-attachment-3136\" class=\"wp-caption-text\">Schon 60 Jahre!!! Aktiv dabei.<\/figcaption><\/figure>\n<p>&nbsp;<\/p>\n<figure id=\"attachment_3113\" aria-describedby=\"caption-attachment-3113\" style=\"width: 640px\" class=\"wp-caption alignnone\"><img loading=\"lazy\" decoding=\"async\" class=\"size-large wp-image-3113\" src=\"https:\/\/www.ftv-moehlin.ch\/wp-content\/uploads\/2023\/02\/GV23a-768x1024.jpg\" alt=\"\" width=\"640\" height=\"853\" srcset=\"https:\/\/www.ftv-moehlin.ch\/wp-content\/uploads\/2023\/02\/GV23a-768x1024.jpg 768w, https:\/\/www.ftv-moehlin.ch\/wp-content\/uploads\/2023\/02\/GV23a-225x300.jpg 225w, https:\/\/www.ftv-moehlin.ch\/wp-content\/uploads\/2023\/02\/GV23a-1152x1536.jpg 1152w, https:\/\/www.ftv-moehlin.ch\/wp-content\/uploads\/2023\/02\/GV23a.jpg 1512w\" sizes=\"auto, (max-width: 640px) 100vw, 640px\" \/><figcaption id=\"caption-attachment-3113\" class=\"wp-caption-text\">Schon \u00fcber 50 Jahre AKTIV Mitglied.<\/figcaption><\/figure>\n<p>Suuserbummel 2022:<\/p>\n<p><img loading=\"lazy\" decoding=\"async\" class=\"alignnone size-large wp-image-3010\" src=\"https:\/\/www.ftv-moehlin.ch\/wp-content\/uploads\/2022\/10\/SuuserbummelSen22-1024x768.jpg\" alt=\"\" width=\"640\" height=\"480\" srcset=\"https:\/\/www.ftv-moehlin.ch\/wp-content\/uploads\/2022\/10\/SuuserbummelSen22-1024x768.jpg 1024w, https:\/\/www.ftv-moehlin.ch\/wp-content\/uploads\/2022\/10\/SuuserbummelSen22-300x225.jpg 300w, https:\/\/www.ftv-moehlin.ch\/wp-content\/uploads\/2022\/10\/SuuserbummelSen22-768x576.jpg 768w, https:\/\/www.ftv-moehlin.ch\/wp-content\/uploads\/2022\/10\/SuuserbummelSen22-1536x1152.jpg 1536w, https:\/\/www.ftv-moehlin.ch\/wp-content\/uploads\/2022\/10\/SuuserbummelSen22.jpg 1600w\" sizes=\"auto, (max-width: 640px) 100vw, 640px\" \/><\/p>\n<p><img loading=\"lazy\" decoding=\"async\" class=\"alignnone size-medium wp-image-3011\" src=\"https:\/\/www.ftv-moehlin.ch\/wp-content\/uploads\/2022\/10\/Suuserbummel22Sen-300x225.jpg\" alt=\"\" width=\"300\" height=\"225\" srcset=\"https:\/\/www.ftv-moehlin.ch\/wp-content\/uploads\/2022\/10\/Suuserbummel22Sen-300x225.jpg 300w, https:\/\/www.ftv-moehlin.ch\/wp-content\/uploads\/2022\/10\/Suuserbummel22Sen-1024x768.jpg 1024w, https:\/\/www.ftv-moehlin.ch\/wp-content\/uploads\/2022\/10\/Suuserbummel22Sen-768x576.jpg 768w, https:\/\/www.ftv-moehlin.ch\/wp-content\/uploads\/2022\/10\/Suuserbummel22Sen-1536x1152.jpg 1536w, https:\/\/www.ftv-moehlin.ch\/wp-content\/uploads\/2022\/10\/Suuserbummel22Sen.jpg 1600w\" sizes=\"auto, (max-width: 300px) 100vw, 300px\" \/><img loading=\"lazy\" decoding=\"async\" class=\"alignnone size-medium wp-image-3012\" src=\"https:\/\/www.ftv-moehlin.ch\/wp-content\/uploads\/2022\/10\/Suuserbummel22Sena-300x225.jpg\" alt=\"\" width=\"300\" height=\"225\" srcset=\"https:\/\/www.ftv-moehlin.ch\/wp-content\/uploads\/2022\/10\/Suuserbummel22Sena-300x225.jpg 300w, https:\/\/www.ftv-moehlin.ch\/wp-content\/uploads\/2022\/10\/Suuserbummel22Sena-1024x768.jpg 1024w, https:\/\/www.ftv-moehlin.ch\/wp-content\/uploads\/2022\/10\/Suuserbummel22Sena-768x576.jpg 768w, https:\/\/www.ftv-moehlin.ch\/wp-content\/uploads\/2022\/10\/Suuserbummel22Sena-1536x1152.jpg 1536w, https:\/\/www.ftv-moehlin.ch\/wp-content\/uploads\/2022\/10\/Suuserbummel22Sena.jpg 1600w\" sizes=\"auto, (max-width: 300px) 100vw, 300px\" \/><img loading=\"lazy\" decoding=\"async\" class=\"alignnone size-medium wp-image-3013\" src=\"https:\/\/www.ftv-moehlin.ch\/wp-content\/uploads\/2022\/10\/Suuserbummel22Senb-300x225.jpg\" alt=\"\" width=\"300\" height=\"225\" srcset=\"https:\/\/www.ftv-moehlin.ch\/wp-content\/uploads\/2022\/10\/Suuserbummel22Senb-300x225.jpg 300w, https:\/\/www.ftv-moehlin.ch\/wp-content\/uploads\/2022\/10\/Suuserbummel22Senb-1024x768.jpg 1024w, https:\/\/www.ftv-moehlin.ch\/wp-content\/uploads\/2022\/10\/Suuserbummel22Senb-768x576.jpg 768w, https:\/\/www.ftv-moehlin.ch\/wp-content\/uploads\/2022\/10\/Suuserbummel22Senb-1536x1152.jpg 1536w, https:\/\/www.ftv-moehlin.ch\/wp-content\/uploads\/2022\/10\/Suuserbummel22Senb.jpg 1600w\" sizes=\"auto, (max-width: 300px) 100vw, 300px\" \/><\/p>\n<p>&nbsp;<\/p>\n<p>&nbsp;<\/p>\n<p>&nbsp;<\/p>\n<p>&nbsp;<\/p>\n<p><img loading=\"lazy\" decoding=\"async\" class=\"alignnone size-medium wp-image-1878\" src=\"https:\/\/www.ftv-moehlin.ch\/wp-content\/uploads\/2020\/02\/T-Bowturnen-300x168.jpg\" alt=\"\" width=\"300\" height=\"168\" srcset=\"https:\/\/www.ftv-moehlin.ch\/wp-content\/uploads\/2020\/02\/T-Bowturnen-300x168.jpg 300w, https:\/\/www.ftv-moehlin.ch\/wp-content\/uploads\/2020\/02\/T-Bowturnen-1024x573.jpg 1024w, https:\/\/www.ftv-moehlin.ch\/wp-content\/uploads\/2020\/02\/T-Bowturnen-768x430.jpg 768w, https:\/\/www.ftv-moehlin.ch\/wp-content\/uploads\/2020\/02\/T-Bowturnen-1536x859.jpg 1536w, https:\/\/www.ftv-moehlin.ch\/wp-content\/uploads\/2020\/02\/T-Bowturnen.jpg 1911w\" sizes=\"auto, (max-width: 300px) 100vw, 300px\" \/><img loading=\"lazy\" decoding=\"async\" class=\"alignnone size-medium wp-image-1484\" src=\"https:\/\/www.ftv-moehlin.ch\/wp-content\/uploads\/2019\/06\/Seniorinnenturnen-300x169.jpg\" alt=\"\" width=\"300\" height=\"169\" srcset=\"https:\/\/www.ftv-moehlin.ch\/wp-content\/uploads\/2019\/06\/Seniorinnenturnen-300x169.jpg 300w, https:\/\/www.ftv-moehlin.ch\/wp-content\/uploads\/2019\/06\/Seniorinnenturnen-768x432.jpg 768w, https:\/\/www.ftv-moehlin.ch\/wp-content\/uploads\/2019\/06\/Seniorinnenturnen-1024x576.jpg 1024w, https:\/\/www.ftv-moehlin.ch\/wp-content\/uploads\/2019\/06\/Seniorinnenturnen.jpg 1919w\" sizes=\"auto, (max-width: 300px) 100vw, 300px\" \/><\/p>\n<p>Die Bedeutung von sportlicher Bet\u00e4tigung bis ins fortgeschrittene Alter hat deutlich zugenommen, sei es als Pr\u00e4vention, sei es als Lebensinhalt&#8230;\u2026 Sicher ist, das Bewegung gut ist f\u00fcr die Muskeln, Knochen, Innere Organe und nicht zu vergessen das Gehirn!! Ein aktives Leben, sich mit Freunde treffen, Neues lernen, Bewegung erh\u00e4lt die geistige Leistungsf\u00e4higkeit bis ins hohe Alter!! Wir trainieren Kreislauf, Beweglichkeit, Kraft, Koordination, Geschicklichkeit und Ausdauer. Unser Ziel ist ein k\u00f6rperliches Wohlbefinden, mit Kolleginnen \u00e4lter werden, Lustiges erleben, zusammen gesellig sein.<\/p>\n<p><img loading=\"lazy\" decoding=\"async\" class=\"alignnone size-thumbnail wp-image-1483\" src=\"https:\/\/www.ftv-moehlin.ch\/wp-content\/uploads\/2019\/06\/Seniorinnen-Reifen-150x150.jpg\" alt=\"\" width=\"150\" height=\"150\" \/><img loading=\"lazy\" decoding=\"async\" class=\"alignnone size-thumbnail wp-image-1401\" src=\"https:\/\/www.ftv-moehlin.ch\/wp-content\/uploads\/2019\/05\/a52b2140-0c32-4297-ba69-cd8d54401920-150x150.jpg\" alt=\"\" width=\"150\" height=\"150\" \/><img loading=\"lazy\" decoding=\"async\" class=\"alignnone size-thumbnail wp-image-1301\" src=\"https:\/\/www.ftv-moehlin.ch\/wp-content\/uploads\/2018\/11\/daf51454-e68b-4c1a-bb3f-667a09888d73-150x150.jpg\" alt=\"\" width=\"150\" height=\"150\" \/><img loading=\"lazy\" decoding=\"async\" class=\"alignnone size-thumbnail wp-image-1480\" src=\"https:\/\/www.ftv-moehlin.ch\/wp-content\/uploads\/2019\/06\/Apr\u00e8s-turnen-150x150.jpg\" alt=\"\" width=\"150\" height=\"150\" \/><a href=\"https:\/\/www.ftv-moehlin.ch\/wp-content\/uploads\/2014\/10\/Seniorinnen-4.jpg\" target=\"_blank\" rel=\"noopener noreferrer\"><img loading=\"lazy\" decoding=\"async\" class=\"alignnone size-large wp-image-1729\" src=\"https:\/\/www.ftv-moehlin.ch\/wp-content\/uploads\/2019\/11\/Unihockey-Seniorinnen-1024x576.jpg\" alt=\"\" width=\"640\" height=\"360\" srcset=\"https:\/\/www.ftv-moehlin.ch\/wp-content\/uploads\/2019\/11\/Unihockey-Seniorinnen-1024x576.jpg 1024w, https:\/\/www.ftv-moehlin.ch\/wp-content\/uploads\/2019\/11\/Unihockey-Seniorinnen-300x169.jpg 300w, https:\/\/www.ftv-moehlin.ch\/wp-content\/uploads\/2019\/11\/Unihockey-Seniorinnen-768x432.jpg 768w\" sizes=\"auto, (max-width: 640px) 100vw, 640px\" \/><br \/>\n<\/a><\/p>\n<p><img loading=\"lazy\" decoding=\"async\" class=\"size-large wp-image-2520\" src=\"https:\/\/www.ftv-moehlin.ch\/wp-content\/uploads\/2021\/06\/FTVSenAbschlusshock21-1024x576.jpg\" alt=\"\" width=\"640\" height=\"360\" srcset=\"https:\/\/www.ftv-moehlin.ch\/wp-content\/uploads\/2021\/06\/FTVSenAbschlusshock21-1024x576.jpg 1024w, https:\/\/www.ftv-moehlin.ch\/wp-content\/uploads\/2021\/06\/FTVSenAbschlusshock21-300x169.jpg 300w, https:\/\/www.ftv-moehlin.ch\/wp-content\/uploads\/2021\/06\/FTVSenAbschlusshock21-768x432.jpg 768w, https:\/\/www.ftv-moehlin.ch\/wp-content\/uploads\/2021\/06\/FTVSenAbschlusshock21-1536x864.jpg 1536w, https:\/\/www.ftv-moehlin.ch\/wp-content\/uploads\/2021\/06\/FTVSenAbschlusshock21-2048x1152.jpg 2048w\" sizes=\"auto, (max-width: 640px) 100vw, 640px\" \/><\/p>\n<p>SommerAbschlusshock 2021.<\/p>\n","protected":false},"excerpt":{"rendered":"<p>Turnen: Abwechslungsreiche Turnstunden jede: Dienstag, Mehrzweckhalle Fuchsrain, 19.00 \u2013 20.00 Uhr Ansprechperson: Regine Fritschin 061-851 17 41, leiterin@ftv-moehlin.ch &nbsp; &nbsp; Suuserbummel 25: Seniorinnen&hellip;<\/p>\n","protected":false},"author":3,"featured_media":0,"parent":22,"menu_order":8,"comment_status":"closed","ping_status":"open","template":"","meta":{"_exactmetrics_skip_tracking":false,"_exactmetrics_sitenote_active":false,"_exactmetrics_sitenote_note":"","_exactmetrics_sitenote_category":0,"footnotes":""},"class_list":["post-109","page","type-page","status-publish","hentry"],"_links":{"self":[{"href":"https:\/\/www.ftv-moehlin.ch\/index.php?rest_route=\/wp\/v2\/pages\/109","targetHints":{"allow":["GET"]}}],"collection":[{"href":"https:\/\/www.ftv-moehlin.ch\/index.php?rest_route=\/wp\/v2\/pages"}],"about":[{"href":"https:\/\/www.ftv-moehlin.ch\/index.php?rest_route=\/wp\/v2\/types\/page"}],"author":[{"embeddable":true,"href":"https:\/\/www.ftv-moehlin.ch\/index.php?rest_route=\/wp\/v2\/users\/3"}],"replies":[{"embeddable":true,"href":"https:\/\/www.ftv-moehlin.ch\/index.php?rest_route=%2Fwp%2Fv2%2Fcomments&post=109"}],"version-history":[{"count":58,"href":"https:\/\/www.ftv-moehlin.ch\/index.php?rest_route=\/wp\/v2\/pages\/109\/revisions"}],"predecessor-version":[{"id":3976,"href":"https:\/\/www.ftv-moehlin.ch\/index.php?rest_route=\/wp\/v2\/pages\/109\/revisions\/3976"}],"up":[{"embeddable":true,"href":"https:\/\/www.ftv-moehlin.ch\/index.php?rest_route=\/wp\/v2\/pages\/22"}],"wp:attachment":[{"href":"https:\/\/www.ftv-moehlin.ch\/index.php?rest_route=%2Fwp%2Fv2%2Fmedia&parent=109"}],"curies":[{"name":"wp","href":"https:\/\/api.w.org\/{rel}","templated":true}]}}